{"id":10020,"date":"2023-05-15T14:24:54","date_gmt":"2023-05-15T11:24:54","guid":{"rendered":"https:\/\/eduser.com.tr\/tr\/?page_id=10020"},"modified":"2023-05-16T09:52:31","modified_gmt":"2023-05-16T06:52:31","slug":"mentor-ulusal-standardi-resmi-gazetede-yayimlanarak-yururluge-girdi","status":"publish","type":"page","link":"https:\/\/eduser.com.tr\/tr\/mentor-ulusal-standardi-resmi-gazetede-yayimlanarak-yururluge-girdi\/","title":{"rendered":"Mentor Ulusal Standard\u0131\u2019 Resmi Gazete\u2019de yay\u0131mlanarak y\u00fcr\u00fcrl\u00fc\u011fe girdi."},"content":{"rendered":"\t\t<div data-elementor-type=\"wp-page\" data-elementor-id=\"10020\" class=\"elementor elementor-10020\" data-elementor-settings=\"[]\">\n\t\t\t\t\t\t<div class=\"elementor-inner\">\n\t\t\t\t\t\t\t<div class=\"elementor-section-wrap\">\n\t\t\t\t\t\t\t<section data-particle_enable=\"false\" data-particle-mobile-disabled=\"false\" class=\"elementor-section elementor-top-section elementor-element elementor-element-48dd9ef elementor-section-boxed elementor-section-height-default elementor-section-height-default\" data-id=\"48dd9ef\" data-element_type=\"section\">\n\t\t\t\t\t\t<div class=\"elementor-container elementor-column-gap-default\">\n\t\t\t\t\t\t\t<div class=\"elementor-row\">\n\t\t\t\t\t<div class=\"elementor-column elementor-col-33 elementor-top-column elementor-element elementor-element-da56427\" data-id=\"da56427\" data-element_type=\"column\" data-settings=\"{&quot;avante_ext_is_scrollme&quot;:&quot;false&quot;,&quot;avante_ext_is_smoove&quot;:&quot;false&quot;,&quot;avante_ext_is_parallax_mouse&quot;:&quot;false&quot;,&quot;avante_ext_is_infinite&quot;:&quot;false&quot;}\">\n\t\t\t<div class=\"elementor-column-wrap\">\n\t\t\t\t\t\t\t<div class=\"elementor-widget-wrap\">\n\t\t\t\t\t\t\t\t<\/div>\n\t\t\t\t\t<\/div>\n\t\t<\/div>\n\t\t\t\t<div class=\"elementor-column elementor-col-66 elementor-top-column elementor-element elementor-element-1079490\" data-id=\"1079490\" data-element_type=\"column\" data-settings=\"{&quot;avante_ext_is_scrollme&quot;:&quot;false&quot;,&quot;avante_ext_is_smoove&quot;:&quot;false&quot;,&quot;avante_ext_is_parallax_mouse&quot;:&quot;false&quot;,&quot;avante_ext_is_infinite&quot;:&quot;false&quot;}\">\n\t\t\t<div class=\"elementor-column-wrap\">\n\t\t\t\t\t\t\t<div class=\"elementor-widget-wrap\">\n\t\t\t\t\t\t\t\t<\/div>\n\t\t\t\t\t<\/div>\n\t\t<\/div>\n\t\t\t\t\t\t\t\t<\/div>\n\t\t\t\t\t<\/div>\n\t\t<\/section>\n\t\t\t\t<section data-particle_enable=\"false\" data-particle-mobile-disabled=\"false\" class=\"elementor-section elementor-top-section elementor-element elementor-element-78507278 elementor-section-boxed elementor-section-height-default elementor-section-height-default\" data-id=\"78507278\" data-element_type=\"section\">\n\t\t\t\t\t\t<div class=\"elementor-container elementor-column-gap-default\">\n\t\t\t\t\t\t\t<div class=\"elementor-row\">\n\t\t\t\t\t<div class=\"elementor-column elementor-col-50 elementor-top-column elementor-element elementor-element-56700625\" data-id=\"56700625\" data-element_type=\"column\" data-settings=\"{&quot;avante_ext_is_scrollme&quot;:&quot;false&quot;,&quot;avante_ext_is_smoove&quot;:&quot;false&quot;,&quot;avante_ext_is_parallax_mouse&quot;:&quot;false&quot;,&quot;avante_ext_is_infinite&quot;:&quot;false&quot;}\">\n\t\t\t<div class=\"elementor-column-wrap elementor-element-populated\">\n\t\t\t\t\t\t\t<div class=\"elementor-widget-wrap\">\n\t\t\t\t\t\t<div class=\"elementor-element elementor-element-5448691a elementor-widget elementor-widget-image\" data-id=\"5448691a\" data-element_type=\"widget\" data-settings=\"{&quot;avante_ext_is_scrollme&quot;:&quot;false&quot;,&quot;avante_ext_is_smoove&quot;:&quot;false&quot;,&quot;avante_ext_is_parallax_mouse&quot;:&quot;false&quot;,&quot;avante_ext_is_infinite&quot;:&quot;false&quot;}\" data-widget_type=\"image.default\">\n\t\t\t\t<div class=\"elementor-widget-container\">\n\t\t\t\t\t<div class=\"elementor-image\">\n\t\t\t\t\t\t\t\t\t\t<img width=\"274\" height=\"184\" src=\"https:\/\/eduser.com.tr\/tr\/wp-content\/uploads\/sites\/6\/2023\/05\/indir.jpg\" class=\"attachment-medium size-medium\" alt=\"\" loading=\"lazy\" \/>\t\t\t\t\t\t\t\t\t\t\t<\/div>\n\t\t\t\t<\/div>\n\t\t\t\t<\/div>\n\t\t\t\t\t\t<\/div>\n\t\t\t\t\t<\/div>\n\t\t<\/div>\n\t\t\t\t<div class=\"elementor-column elementor-col-50 elementor-top-column elementor-element elementor-element-5cc3dd90\" data-id=\"5cc3dd90\" data-element_type=\"column\" data-settings=\"{&quot;avante_ext_is_scrollme&quot;:&quot;false&quot;,&quot;avante_ext_is_smoove&quot;:&quot;false&quot;,&quot;avante_ext_is_parallax_mouse&quot;:&quot;false&quot;,&quot;avante_ext_is_infinite&quot;:&quot;false&quot;}\">\n\t\t\t<div class=\"elementor-column-wrap elementor-element-populated\">\n\t\t\t\t\t\t\t<div class=\"elementor-widget-wrap\">\n\t\t\t\t\t\t<div class=\"elementor-element elementor-element-32be3836 elementor-widget elementor-widget-text-editor\" data-id=\"32be3836\" data-element_type=\"widget\" data-settings=\"{&quot;avante_ext_is_scrollme&quot;:&quot;false&quot;,&quot;avante_ext_is_smoove&quot;:&quot;false&quot;,&quot;avante_ext_is_parallax_mouse&quot;:&quot;false&quot;,&quot;avante_ext_is_infinite&quot;:&quot;false&quot;}\" data-widget_type=\"text-editor.default\">\n\t\t\t\t<div class=\"elementor-widget-container\">\n\t\t\t\t\t<div class=\"elementor-text-editor elementor-clearfix\"><p><strong>\u2018Mentor Ulusal Standard\u0131\u2019 Resmi Gazete\u2019de yay\u0131mlanarak y\u00fcr\u00fcrl\u00fc\u011fe girdi.<\/strong><\/p><p>Avrupa Birli\u011fi Konseyi \u00a0\u2018Referans \u00c7er\u00e7eve \u0130lkeleri\u2019 ve \u00fclkemizde Mesleki Yeterlilik Kurumu (MYK) taraf\u0131ndan yasal d\u00fczenlemeleri olu\u015fturulan \u2018T\u00fcrkiye Yeterlilik \u00c7er\u00e7evesi\u2019nde yer alan \u00f6l\u00e7\u00fctler, prensipler, bilgi tabanl\u0131 deneyim ile \u00a0T\u00fcm Giri\u015fimci ve \u0130\u015f Mentorlar\u0131 Derne\u011fi (T\u00dcG\u0130M ) ve Mentor Derne\u011fi (MENTORDER) taraf\u0131ndan EDUSER Moderat\u00f6rl\u00fc\u011f\u00fcnde geli\u015ftirilen \u0130\u015f ve Y\u00f6netim Sekt\u00f6r\u00fcnde \u00a0\u00a0\u2018Mentor Ulusal Standard\u0131\u2019 \u00a08 May\u0131s 2023 itibari ile Resmi Gazete\u2019de yay\u0131nlanarak y\u00fcr\u00fcrl\u00fc\u011fe girdi.<\/p><p>Mentorluk mesle\u011finin sekt\u00f6re kazand\u0131r\u0131lmas\u0131 i\u00e7in yap\u0131lan \u00e7al\u0131\u015ftaylara sekt\u00f6r temsilcilerinden Ayfer Ad\u0131g\u00fczel, Meltem \u00c7ora, Nuri Murat Avc\u0131, Naz Esra Elikara Emet, Fatma Akp\u0131nar, \u0130lker Erg\u00fcn, Onur Lenk, Ahmet Yasagan, Ayten Ezentas, Hale Umul, Yunus Emre Tokmak ile S\u00fcleyman Ar\u0131kbo\u011fa kat\u0131ld\u0131.<\/p><p>10 Aral\u0131k 2021 tarihinde Mesleki Yeterlilik Kurumu (MYK) ile T\u00fcm Giri\u015fimci ve T\u00dcG\u0130M ve MENTORDER \u00a0aras\u0131nda mentorluk alan\u0131nda ulusal meslek standard\u0131 ve ulusal yeterlilik haz\u0131rlanmas\u0131 amac\u0131yla MYK Ba\u015fkan\u0131 Adem Ceylan ve T\u00dcG\u0130M Ba\u015fkan\u0131 Meltem \u00c7ora ile Mentor Derne\u011fi Ba\u015fkan\u0131 Ahmet Yasagan\u2019\u0131n imzalad\u0131\u011f\u0131 i\u015fbirli\u011fi protokol\u00fc ile Mentor (Seviye 6) mesle\u011fine y\u00f6nelik ulusal meslek standard\u0131 ve ulusal yeterlilik haz\u0131rlama s\u00fcreci ba\u015flat\u0131lm\u0131\u015f oldu.<\/p><\/div>\n\t\t\t\t<\/div>\n\t\t\t\t<\/div>\n\t\t\t\t\t\t<\/div>\n\t\t\t\t\t<\/div>\n\t\t<\/div>\n\t\t\t\t\t\t\t\t<\/div>\n\t\t\t\t\t<\/div>\n\t\t<\/section>\n\t\t\t\t<section data-particle_enable=\"false\" data-particle-mobile-disabled=\"false\" class=\"elementor-section elementor-top-section elementor-element elementor-element-45641c7f elementor-section-boxed elementor-section-height-default elementor-section-height-default\" data-id=\"45641c7f\" data-element_type=\"section\">\n\t\t\t\t\t\t<div class=\"elementor-container elementor-column-gap-default\">\n\t\t\t\t\t\t\t<div class=\"elementor-row\">\n\t\t\t\t\t<div class=\"elementor-column elementor-col-100 elementor-top-column elementor-element elementor-element-34c0ef05\" data-id=\"34c0ef05\" data-element_type=\"column\" data-settings=\"{&quot;avante_ext_is_scrollme&quot;:&quot;false&quot;,&quot;avante_ext_is_smoove&quot;:&quot;false&quot;,&quot;avante_ext_is_parallax_mouse&quot;:&quot;false&quot;,&quot;avante_ext_is_infinite&quot;:&quot;false&quot;}\">\n\t\t\t<div class=\"elementor-column-wrap elementor-element-populated\">\n\t\t\t\t\t\t\t<div class=\"elementor-widget-wrap\">\n\t\t\t\t\t\t<div class=\"elementor-element elementor-element-62df4177 elementor-widget elementor-widget-heading\" data-id=\"62df4177\" data-element_type=\"widget\" data-settings=\"{&quot;avante_ext_is_scrollme&quot;:&quot;false&quot;,&quot;avante_ext_is_smoove&quot;:&quot;false&quot;,&quot;avante_ext_is_parallax_mouse&quot;:&quot;false&quot;,&quot;avante_ext_is_infinite&quot;:&quot;false&quot;}\" data-widget_type=\"heading.default\">\n\t\t\t\t<div class=\"elementor-widget-container\">\n\t\t\t<h2 class=\"elementor-heading-title elementor-size-default\">Recent News<\/h2>\t\t<\/div>\n\t\t\t\t<\/div>\n\t\t\t\t<div class=\"elementor-element elementor-element-2b01622d elementor-grid-eael-col-4 elementor-grid-tablet-eael-col-2 elementor-grid-mobile-eael-col-1 elementor-widget elementor-widget-eael-post-grid\" data-id=\"2b01622d\" data-element_type=\"widget\" data-settings=\"{&quot;eael_post_grid_columns&quot;:&quot;eael-col-4&quot;,&quot;eael_post_grid_columns_tablet&quot;:&quot;eael-col-2&quot;,&quot;eael_post_grid_columns_mobile&quot;:&quot;eael-col-1&quot;,&quot;avante_ext_is_scrollme&quot;:&quot;false&quot;,&quot;avante_ext_is_smoove&quot;:&quot;false&quot;,&quot;avante_ext_is_parallax_mouse&quot;:&quot;false&quot;,&quot;avante_ext_is_infinite&quot;:&quot;false&quot;}\" data-widget_type=\"eael-post-grid.default\">\n\t\t\t\t<div class=\"elementor-widget-container\">\n\t\t\t<div id=\"eael-post-grid-2b01622d\" class=\"eael-post-grid-container\">\n            <div class=\"eael-post-grid eael-post-appender eael-post-appender-2b01622d eael-post-grid-style-default\" data-layout-mode=\"masonry\">\n                <p class=\"no-posts-found\">No posts found!<\/p>\n            <\/div>\n            <div class=\"clearfix\"><\/div>\n        <\/div>\t\t<\/div>\n\t\t\t\t<\/div>\n\t\t\t\t\t\t<\/div>\n\t\t\t\t\t<\/div>\n\t\t<\/div>\n\t\t\t\t\t\t\t\t<\/div>\n\t\t\t\t\t<\/div>\n\t\t<\/section>\n\t\t\t\t\t\t<\/div>\n\t\t\t\t\t\t<\/div>\n\t\t\t\t\t<\/div>\n\t\t","protected":false},"excerpt":{"rendered":"<p>\u2018Mentor Ulusal Standard\u0131\u2019 Resmi Gazete\u2019de yay\u0131mlanarak y\u00fcr\u00fcrl\u00fc\u011fe girdi. Avrupa Birli\u011fi Konseyi \u00a0\u2018Referans \u00c7er\u00e7eve \u0130lkeleri\u2019 ve \u00fclkemizde Mesleki Yeterlilik Kurumu (MYK) taraf\u0131ndan yasal d\u00fczenlemeleri olu\u015fturulan \u2018T\u00fcrkiye Yeterlilik \u00c7er\u00e7evesi\u2019nde yer alan \u00f6l\u00e7\u00fctler, prensipler, bilgi tabanl\u0131 deneyim ile \u00a0T\u00fcm Giri\u015fimci ve \u0130\u015f Mentorlar\u0131 [&hellip;]<\/p>\n","protected":false},"author":2,"featured_media":0,"parent":0,"menu_order":0,"comment_status":"closed","ping_status":"closed","template":"elementor_canvas","meta":[],"categories":[],"tags":[],"yoast_head":"<!-- This site is optimized with the Yoast SEO plugin v14.9 - https:\/\/yoast.com\/wordpress\/plugins\/seo\/ -->\n<title>Mentor Ulusal Standard\u0131\u2019 Resmi Gazete\u2019de yay\u0131mlanarak y\u00fcr\u00fcrl\u00fc\u011fe girdi. | EDUSER<\/title>\n<meta name=\"robots\" content=\"index, follow, max-snippet:-1, max-image-preview:large, max-video-preview:-1\" \/>\n<link rel=\"canonical\" href=\"https:\/\/eduser.com.tr\/tr\/mentor-ulusal-standardi-resmi-gazetede-yayimlanarak-yururluge-girdi\/\" \/>\n<meta property=\"og:locale\" content=\"tr_TR\" \/>\n<meta property=\"og:type\" content=\"article\" \/>\n<meta property=\"og:title\" content=\"Mentor Ulusal Standard\u0131\u2019 Resmi Gazete\u2019de yay\u0131mlanarak y\u00fcr\u00fcrl\u00fc\u011fe girdi. | EDUSER\" \/>\n<meta property=\"og:description\" content=\"\u2018Mentor Ulusal Standard\u0131\u2019 Resmi Gazete\u2019de yay\u0131mlanarak y\u00fcr\u00fcrl\u00fc\u011fe girdi. Avrupa Birli\u011fi Konseyi \u00a0\u2018Referans \u00c7er\u00e7eve \u0130lkeleri\u2019 ve \u00fclkemizde Mesleki Yeterlilik Kurumu (MYK) taraf\u0131ndan yasal d\u00fczenlemeleri olu\u015fturulan \u2018T\u00fcrkiye Yeterlilik \u00c7er\u00e7evesi\u2019nde yer alan \u00f6l\u00e7\u00fctler, prensipler, bilgi tabanl\u0131 deneyim ile \u00a0T\u00fcm Giri\u015fimci ve \u0130\u015f Mentorlar\u0131 [&hellip;]\" \/>\n<meta property=\"og:url\" content=\"https:\/\/eduser.com.tr\/tr\/mentor-ulusal-standardi-resmi-gazetede-yayimlanarak-yururluge-girdi\/\" \/>\n<meta property=\"og:site_name\" content=\"EDUSER\" \/>\n<meta property=\"article:publisher\" content=\"https:\/\/www.facebook.com\/eduserco\/\" \/>\n<meta property=\"article:modified_time\" content=\"2023-05-16T06:52:31+00:00\" \/>\n<meta property=\"og:image\" content=\"https:\/\/eduser.com.tr\/tr\/wp-content\/uploads\/sites\/6\/2023\/05\/indir.jpg\" \/>\n<meta name=\"twitter:card\" content=\"summary_large_image\" \/>\n<meta name=\"twitter:creator\" content=\"@eduserco\" \/>\n<meta name=\"twitter:site\" content=\"@eduserco\" \/>\n<script type=\"application\/ld+json\" class=\"yoast-schema-graph\">{\"@context\":\"https:\/\/schema.org\",\"@graph\":[{\"@type\":\"Organization\",\"@id\":\"https:\/\/eduser.com.tr\/tr\/#organization\",\"name\":\"EDUSER Educational Consultancy Services Co.\",\"url\":\"https:\/\/eduser.com.tr\/tr\/\",\"sameAs\":[\"https:\/\/www.facebook.com\/eduserco\/\",\"https:\/\/www.linkedin.com\/company\/eduserco\/\",\"https:\/\/twitter.com\/eduserco\"],\"logo\":{\"@type\":\"ImageObject\",\"@id\":\"https:\/\/eduser.com.tr\/tr\/#logo\",\"inLanguage\":\"tr\",\"url\":\"https:\/\/eduser.com.tr\/tr\/wp-content\/uploads\/sites\/6\/2019\/10\/eduser-site-logo-color.svg\",\"caption\":\"EDUSER Educational Consultancy Services Co.\"},\"image\":{\"@id\":\"https:\/\/eduser.com.tr\/tr\/#logo\"}},{\"@type\":\"WebSite\",\"@id\":\"https:\/\/eduser.com.tr\/tr\/#website\",\"url\":\"https:\/\/eduser.com.tr\/tr\/\",\"name\":\"EDUSER\",\"description\":\"E\\u011fitim Dan\\u0131\\u015fmanl\\u0131k ve Uzmanl\\u0131k Hizmetleri\",\"publisher\":{\"@id\":\"https:\/\/eduser.com.tr\/tr\/#organization\"},\"potentialAction\":[{\"@type\":\"SearchAction\",\"target\":\"https:\/\/eduser.com.tr\/tr\/?s={search_term_string}\",\"query-input\":\"required name=search_term_string\"}],\"inLanguage\":\"tr\"},{\"@type\":\"ImageObject\",\"@id\":\"https:\/\/eduser.com.tr\/tr\/mentor-ulusal-standardi-resmi-gazetede-yayimlanarak-yururluge-girdi\/#primaryimage\",\"inLanguage\":\"tr\",\"url\":\"https:\/\/eduser.com.tr\/tr\/wp-content\/uploads\/sites\/6\/2023\/05\/indir.jpg\",\"width\":274,\"height\":184},{\"@type\":\"WebPage\",\"@id\":\"https:\/\/eduser.com.tr\/tr\/mentor-ulusal-standardi-resmi-gazetede-yayimlanarak-yururluge-girdi\/#webpage\",\"url\":\"https:\/\/eduser.com.tr\/tr\/mentor-ulusal-standardi-resmi-gazetede-yayimlanarak-yururluge-girdi\/\",\"name\":\"Mentor Ulusal Standard\\u0131\\u2019 Resmi Gazete\\u2019de yay\\u0131mlanarak y\\u00fcr\\u00fcrl\\u00fc\\u011fe girdi. | EDUSER\",\"isPartOf\":{\"@id\":\"https:\/\/eduser.com.tr\/tr\/#website\"},\"primaryImageOfPage\":{\"@id\":\"https:\/\/eduser.com.tr\/tr\/mentor-ulusal-standardi-resmi-gazetede-yayimlanarak-yururluge-girdi\/#primaryimage\"},\"datePublished\":\"2023-05-15T11:24:54+00:00\",\"dateModified\":\"2023-05-16T06:52:31+00:00\",\"inLanguage\":\"tr\",\"potentialAction\":[{\"@type\":\"ReadAction\",\"target\":[\"https:\/\/eduser.com.tr\/tr\/mentor-ulusal-standardi-resmi-gazetede-yayimlanarak-yururluge-girdi\/\"]}]}]}<\/script>\n<!-- \/ Yoast SEO plugin. -->","_links":{"self":[{"href":"https:\/\/eduser.com.tr\/tr\/wp-json\/wp\/v2\/pages\/10020"}],"collection":[{"href":"https:\/\/eduser.com.tr\/tr\/wp-json\/wp\/v2\/pages"}],"about":[{"href":"https:\/\/eduser.com.tr\/tr\/wp-json\/wp\/v2\/types\/page"}],"author":[{"embeddable":true,"href":"https:\/\/eduser.com.tr\/tr\/wp-json\/wp\/v2\/users\/2"}],"replies":[{"embeddable":true,"href":"https:\/\/eduser.com.tr\/tr\/wp-json\/wp\/v2\/comments?post=10020"}],"version-history":[{"count":4,"href":"https:\/\/eduser.com.tr\/tr\/wp-json\/wp\/v2\/pages\/10020\/revisions"}],"predecessor-version":[{"id":10034,"href":"https:\/\/eduser.com.tr\/tr\/wp-json\/wp\/v2\/pages\/10020\/revisions\/10034"}],"wp:attachment":[{"href":"https:\/\/eduser.com.tr\/tr\/wp-json\/wp\/v2\/media?parent=10020"}],"wp:term":[{"taxonomy":"category","embeddable":true,"href":"https:\/\/eduser.com.tr\/tr\/wp-json\/wp\/v2\/categories?post=10020"},{"taxonomy":"post_tag","embeddable":true,"href":"https:\/\/eduser.com.tr\/tr\/wp-json\/wp\/v2\/tags?post=10020"}],"curies":[{"name":"wp","href":"https:\/\/api.w.org\/{rel}","templated":true}]}}