{"id":10110,"date":"2024-07-04T13:59:11","date_gmt":"2024-07-04T10:59:11","guid":{"rendered":"https:\/\/eduser.com.tr\/tr\/?page_id=10110"},"modified":"2024-07-04T14:00:57","modified_gmt":"2024-07-04T11:00:57","slug":"yenilenebilir-genclik-enerjisi-re-you-projesi-kapsaminda-balikesir-universitesi-surekli-egitim-uygulama-ve-arastirma-merkezi-baunsem-myk-tarafindan-yetkilendirildi","status":"publish","type":"page","link":"https:\/\/eduser.com.tr\/tr\/yenilenebilir-genclik-enerjisi-re-you-projesi-kapsaminda-balikesir-universitesi-surekli-egitim-uygulama-ve-arastirma-merkezi-baunsem-myk-tarafindan-yetkilendirildi\/","title":{"rendered":"Yenilenebilir Gen\u00e7lik Enerjisi \/RE-You Projesi kapsam\u0131nda, Bal\u0131kesir \u00dcniversitesi S\u00fcrekli E\u011fitim Uygulama ve Ara\u015ft\u0131rma Merkezi (BAUNSEM)  MYK taraf\u0131ndan yetkilendirildi"},"content":{"rendered":"\t\t<div data-elementor-type=\"wp-page\" data-elementor-id=\"10110\" class=\"elementor elementor-10110\" data-elementor-settings=\"[]\">\n\t\t\t\t\t\t<div class=\"elementor-inner\">\n\t\t\t\t\t\t\t<div class=\"elementor-section-wrap\">\n\t\t\t\t\t\t\t<section data-particle_enable=\"false\" data-particle-mobile-disabled=\"false\" class=\"elementor-section elementor-top-section elementor-element elementor-element-5fe2722 elementor-section-boxed elementor-section-height-default elementor-section-height-default\" data-id=\"5fe2722\" data-element_type=\"section\">\n\t\t\t\t\t\t<div class=\"elementor-container elementor-column-gap-default\">\n\t\t\t\t\t\t\t<div class=\"elementor-row\">\n\t\t\t\t\t<div class=\"elementor-column elementor-col-50 elementor-top-column elementor-element elementor-element-f253164\" data-id=\"f253164\" data-element_type=\"column\" data-settings=\"{&quot;avante_ext_is_scrollme&quot;:&quot;false&quot;,&quot;avante_ext_is_smoove&quot;:&quot;false&quot;,&quot;avante_ext_is_parallax_mouse&quot;:&quot;false&quot;,&quot;avante_ext_is_infinite&quot;:&quot;false&quot;}\">\n\t\t\t<div class=\"elementor-column-wrap\">\n\t\t\t\t\t\t\t<div class=\"elementor-widget-wrap\">\n\t\t\t\t\t\t\t\t<\/div>\n\t\t\t\t\t<\/div>\n\t\t<\/div>\n\t\t\t\t<div class=\"elementor-column elementor-col-50 elementor-top-column elementor-element elementor-element-5f186de\" data-id=\"5f186de\" data-element_type=\"column\" data-settings=\"{&quot;avante_ext_is_scrollme&quot;:&quot;false&quot;,&quot;avante_ext_is_smoove&quot;:&quot;false&quot;,&quot;avante_ext_is_parallax_mouse&quot;:&quot;false&quot;,&quot;avante_ext_is_infinite&quot;:&quot;false&quot;}\">\n\t\t\t<div class=\"elementor-column-wrap\">\n\t\t\t\t\t\t\t<div class=\"elementor-widget-wrap\">\n\t\t\t\t\t\t\t\t<\/div>\n\t\t\t\t\t<\/div>\n\t\t<\/div>\n\t\t\t\t\t\t\t\t<\/div>\n\t\t\t\t\t<\/div>\n\t\t<\/section>\n\t\t\t\t<section data-particle_enable=\"false\" data-particle-mobile-disabled=\"false\" class=\"elementor-section elementor-top-section elementor-element elementor-element-a69aee1 elementor-section-boxed elementor-section-height-default elementor-section-height-default\" data-id=\"a69aee1\" data-element_type=\"section\">\n\t\t\t\t\t\t<div class=\"elementor-container elementor-column-gap-default\">\n\t\t\t\t\t\t\t<div class=\"elementor-row\">\n\t\t\t\t\t<div class=\"elementor-column elementor-col-50 elementor-top-column elementor-element elementor-element-e269f83\" data-id=\"e269f83\" data-element_type=\"column\" data-settings=\"{&quot;avante_ext_is_scrollme&quot;:&quot;false&quot;,&quot;avante_ext_is_smoove&quot;:&quot;false&quot;,&quot;avante_ext_is_parallax_mouse&quot;:&quot;false&quot;,&quot;avante_ext_is_infinite&quot;:&quot;false&quot;}\">\n\t\t\t<div class=\"elementor-column-wrap\">\n\t\t\t\t\t\t\t<div class=\"elementor-widget-wrap\">\n\t\t\t\t\t\t\t\t<\/div>\n\t\t\t\t\t<\/div>\n\t\t<\/div>\n\t\t\t\t<div class=\"elementor-column elementor-col-50 elementor-top-column elementor-element elementor-element-c969571\" data-id=\"c969571\" data-element_type=\"column\" data-settings=\"{&quot;avante_ext_is_scrollme&quot;:&quot;false&quot;,&quot;avante_ext_is_smoove&quot;:&quot;false&quot;,&quot;avante_ext_is_parallax_mouse&quot;:&quot;false&quot;,&quot;avante_ext_is_infinite&quot;:&quot;false&quot;}\">\n\t\t\t<div class=\"elementor-column-wrap\">\n\t\t\t\t\t\t\t<div class=\"elementor-widget-wrap\">\n\t\t\t\t\t\t\t\t<\/div>\n\t\t\t\t\t<\/div>\n\t\t<\/div>\n\t\t\t\t\t\t\t\t<\/div>\n\t\t\t\t\t<\/div>\n\t\t<\/section>\n\t\t\t\t<section data-particle_enable=\"false\" data-particle-mobile-disabled=\"false\" class=\"elementor-section elementor-top-section elementor-element elementor-element-216dc03f elementor-section-boxed elementor-section-height-default elementor-section-height-default\" data-id=\"216dc03f\" data-element_type=\"section\">\n\t\t\t\t\t\t<div class=\"elementor-container elementor-column-gap-default\">\n\t\t\t\t\t\t\t<div class=\"elementor-row\">\n\t\t\t\t\t<div class=\"elementor-column elementor-col-50 elementor-top-column elementor-element elementor-element-3c1cf399\" data-id=\"3c1cf399\" data-element_type=\"column\" data-settings=\"{&quot;avante_ext_is_scrollme&quot;:&quot;false&quot;,&quot;avante_ext_is_smoove&quot;:&quot;false&quot;,&quot;avante_ext_is_parallax_mouse&quot;:&quot;false&quot;,&quot;avante_ext_is_infinite&quot;:&quot;false&quot;}\">\n\t\t\t<div class=\"elementor-column-wrap elementor-element-populated\">\n\t\t\t\t\t\t\t<div class=\"elementor-widget-wrap\">\n\t\t\t\t\t\t<div class=\"elementor-element elementor-element-19567250 elementor-widget elementor-widget-image\" data-id=\"19567250\" data-element_type=\"widget\" data-settings=\"{&quot;avante_ext_is_scrollme&quot;:&quot;false&quot;,&quot;avante_ext_is_smoove&quot;:&quot;false&quot;,&quot;avante_ext_is_parallax_mouse&quot;:&quot;false&quot;,&quot;avante_ext_is_infinite&quot;:&quot;false&quot;}\" data-widget_type=\"image.default\">\n\t\t\t\t<div class=\"elementor-widget-container\">\n\t\t\t\t\t<div class=\"elementor-image\">\n\t\t\t\t\t\t\t\t\t\t<img width=\"850\" height=\"400\" src=\"https:\/\/eduser.com.tr\/tr\/wp-content\/uploads\/sites\/6\/2024\/07\/haber-1-foto-1.png\" class=\"attachment-large size-large\" alt=\"\" loading=\"lazy\" srcset=\"https:\/\/eduser.com.tr\/tr\/wp-content\/uploads\/sites\/6\/2024\/07\/haber-1-foto-1.png 850w, https:\/\/eduser.com.tr\/tr\/wp-content\/uploads\/sites\/6\/2024\/07\/haber-1-foto-1-300x141.png 300w, https:\/\/eduser.com.tr\/tr\/wp-content\/uploads\/sites\/6\/2024\/07\/haber-1-foto-1-768x361.png 768w, https:\/\/eduser.com.tr\/tr\/wp-content\/uploads\/sites\/6\/2024\/07\/haber-1-foto-1-440x207.png 440w\" sizes=\"(max-width: 850px) 100vw, 850px\" \/>\t\t\t\t\t\t\t\t\t\t\t<\/div>\n\t\t\t\t<\/div>\n\t\t\t\t<\/div>\n\t\t\t\t\t\t<\/div>\n\t\t\t\t\t<\/div>\n\t\t<\/div>\n\t\t\t\t<div class=\"elementor-column elementor-col-50 elementor-top-column elementor-element elementor-element-2a1c4477\" data-id=\"2a1c4477\" data-element_type=\"column\" data-settings=\"{&quot;avante_ext_is_scrollme&quot;:&quot;false&quot;,&quot;avante_ext_is_smoove&quot;:&quot;false&quot;,&quot;avante_ext_is_parallax_mouse&quot;:&quot;false&quot;,&quot;avante_ext_is_infinite&quot;:&quot;false&quot;}\">\n\t\t\t<div class=\"elementor-column-wrap elementor-element-populated\">\n\t\t\t\t\t\t\t<div class=\"elementor-widget-wrap\">\n\t\t\t\t\t\t<div class=\"elementor-element elementor-element-590153ff elementor-widget elementor-widget-text-editor\" data-id=\"590153ff\" data-element_type=\"widget\" data-settings=\"{&quot;avante_ext_is_scrollme&quot;:&quot;false&quot;,&quot;avante_ext_is_smoove&quot;:&quot;false&quot;,&quot;avante_ext_is_parallax_mouse&quot;:&quot;false&quot;,&quot;avante_ext_is_infinite&quot;:&quot;false&quot;}\" data-widget_type=\"text-editor.default\">\n\t\t\t\t<div class=\"elementor-widget-container\">\n\t\t\t\t\t<div class=\"elementor-text-editor elementor-clearfix\"><p><strong>Yenilenebilir Gen\u00e7lik Enerjisi \/RE-You Projesi kapsam\u0131nda, Bal\u0131kesir \u00dcniversitesi S\u00fcrekli E\u011fitim Uygulama ve Ara\u015ft\u0131rma Merkezi (BAUNSEM) \u00a0MYK taraf\u0131ndan yetkilendirildi <\/strong>\u00a0<\/p><p>Avrupa Birli\u011fi ve T\u00fcrkiye Cumhuriyeti taraf\u0131ndan finanse edilen, T.C. \u00c7al\u0131\u015fma Sosyal G\u00fcvenlik Bakanl\u0131\u011f\u0131 Avrupa Birli\u011fi ve Mali Yard\u0131mlar Dairesi Ba\u015fkanl\u0131\u011f\u0131\u2019n\u0131n S\u00f6zle\u015fme Otoritesi, G\u00fcney Marmara Kalk\u0131nma Ajans\u0131\u2019n\u0131n faydalan\u0131c\u0131s\u0131 oldu\u011fu Yenilenebilir Gen\u00e7lik Enerjisi (RE-You) Projesi kapsam\u0131nda, Bal\u0131kesir \u00dcniversitesi S\u00fcrekli E\u011fitim Uygulama ve Ara\u015ft\u0131rma Merkezi (BAUNSEM), Mesleki Yeterlilik Kurumu (MYK) taraf\u0131ndan YB-0380 kodu ile Enerji sekt\u00f6r\u00fcnde s\u0131nav ve belgelendirme faaliyetlerini ger\u00e7ekle\u015ftirmek \u00fczere 26.03.2024 tarihinden itibaren yetkilendirildi.\u00a0<\/p><p><img loading=\"lazy\" class=\"alignnone size-medium wp-image-10112\" src=\"https:\/\/eduser.com.tr\/tr\/wp-content\/uploads\/sites\/6\/2024\/07\/haber-1-foto-2-300x222.jpg\" alt=\"\" width=\"300\" height=\"222\" srcset=\"https:\/\/eduser.com.tr\/tr\/wp-content\/uploads\/sites\/6\/2024\/07\/haber-1-foto-2-300x222.jpg 300w, https:\/\/eduser.com.tr\/tr\/wp-content\/uploads\/sites\/6\/2024\/07\/haber-1-foto-2-440x326.jpg 440w, https:\/\/eduser.com.tr\/tr\/wp-content\/uploads\/sites\/6\/2024\/07\/haber-1-foto-2.jpg 768w\" sizes=\"(max-width: 300px) 100vw, 300px\" \/><\/p><p>T\u00dcRKAK taraf\u0131ndan TS EN ISO\/IEC 17024\/2012 standard\u0131na g\u00f6re Enerji sekt\u00f6r\u00fcnde, Fotovoltaik, R\u00fczg\u00e2r ve Biyogaz g\u00fc\u00e7 sistemleri Seviye 5 kapsamlar\u0131nda AB-0527-P Akreditasyon Numaras\u0131 ile akredite edilen ve MYK taraf\u0131ndan yetkilendirilen, Bal\u0131kesir \u00dcniversitesi S\u00fcrekli E\u011fitim Uygulama ve Ara\u015ft\u0131rma Merkezi b\u00fcnyesinde kurulan Personel Belgelendirme Birimi, ba\u015fta Bal\u0131kesir olmak \u00fczere, Marmara B\u00f6lgesi ve T\u00fcrkiye\u2019nin co\u011frafi konumundan kaynaklanan zengin do\u011fal kaynaklar\u0131n\u0131, \u00fclkemizin ihtiyac\u0131 olan enerjiye d\u00f6n\u00fc\u015ft\u00fcrecek sekt\u00f6rde \u00e7al\u0131\u015fan i\u015fg\u00fcc\u00fcn\u00fcn, uluslararas\u0131 tan\u0131n\u0131rl\u0131kta belgelendirme ile niteliklerinin art\u0131r\u0131lmas\u0131nda kilit bir rol \u00fcstlenir duruma gelmi\u015ftir<\/p><p><span style=\"text-decoration: underline;\"><strong>Kurulu\u015fun kapsam\u0131nda yer alan yeterlilikler:<\/strong><\/span><\/p><p><strong>15UY0208-5\/01<\/strong> Fotovoltaik G\u00fc\u00e7 Sistemleri Personeli<\/p><p><strong>15UY0210-5\/01<\/strong> R\u00fczg\u00e2r G\u00fc\u00e7 Sistemleri Personeli<\/p><p><strong>15UY0207-5\/01<\/strong> Biyogaz G\u00fc\u00e7 Sistemleri Personeli<\/p><\/div>\n\t\t\t\t<\/div>\n\t\t\t\t<\/div>\n\t\t\t\t\t\t<\/div>\n\t\t\t\t\t<\/div>\n\t\t<\/div>\n\t\t\t\t\t\t\t\t<\/div>\n\t\t\t\t\t<\/div>\n\t\t<\/section>\n\t\t\t\t<section data-particle_enable=\"false\" data-particle-mobile-disabled=\"false\" class=\"elementor-section elementor-top-section elementor-element elementor-element-3359ff81 elementor-section-boxed elementor-section-height-default elementor-section-height-default\" data-id=\"3359ff81\" data-element_type=\"section\">\n\t\t\t\t\t\t<div class=\"elementor-container elementor-column-gap-default\">\n\t\t\t\t\t\t\t<div class=\"elementor-row\">\n\t\t\t\t\t<div class=\"elementor-column elementor-col-100 elementor-top-column elementor-element elementor-element-491c3d33\" data-id=\"491c3d33\" data-element_type=\"column\" data-settings=\"{&quot;avante_ext_is_scrollme&quot;:&quot;false&quot;,&quot;avante_ext_is_smoove&quot;:&quot;false&quot;,&quot;avante_ext_is_parallax_mouse&quot;:&quot;false&quot;,&quot;avante_ext_is_infinite&quot;:&quot;false&quot;}\">\n\t\t\t<div class=\"elementor-column-wrap elementor-element-populated\">\n\t\t\t\t\t\t\t<div class=\"elementor-widget-wrap\">\n\t\t\t\t\t\t<div class=\"elementor-element elementor-element-4df23355 elementor-widget elementor-widget-heading\" data-id=\"4df23355\" data-element_type=\"widget\" data-settings=\"{&quot;avante_ext_is_scrollme&quot;:&quot;false&quot;,&quot;avante_ext_is_smoove&quot;:&quot;false&quot;,&quot;avante_ext_is_parallax_mouse&quot;:&quot;false&quot;,&quot;avante_ext_is_infinite&quot;:&quot;false&quot;}\" data-widget_type=\"heading.default\">\n\t\t\t\t<div class=\"elementor-widget-container\">\n\t\t\t<h2 class=\"elementor-heading-title elementor-size-default\">Recent News<\/h2>\t\t<\/div>\n\t\t\t\t<\/div>\n\t\t\t\t<div class=\"elementor-element elementor-element-3388476a elementor-grid-eael-col-4 elementor-grid-tablet-eael-col-2 elementor-grid-mobile-eael-col-1 elementor-widget elementor-widget-eael-post-grid\" data-id=\"3388476a\" data-element_type=\"widget\" data-settings=\"{&quot;eael_post_grid_columns&quot;:&quot;eael-col-4&quot;,&quot;eael_post_grid_columns_tablet&quot;:&quot;eael-col-2&quot;,&quot;eael_post_grid_columns_mobile&quot;:&quot;eael-col-1&quot;,&quot;avante_ext_is_scrollme&quot;:&quot;false&quot;,&quot;avante_ext_is_smoove&quot;:&quot;false&quot;,&quot;avante_ext_is_parallax_mouse&quot;:&quot;false&quot;,&quot;avante_ext_is_infinite&quot;:&quot;false&quot;}\" data-widget_type=\"eael-post-grid.default\">\n\t\t\t\t<div class=\"elementor-widget-container\">\n\t\t\t<div id=\"eael-post-grid-3388476a\" class=\"eael-post-grid-container\">\n            <div class=\"eael-post-grid eael-post-appender eael-post-appender-3388476a eael-post-grid-style-default\" data-layout-mode=\"masonry\">\n                <p class=\"no-posts-found\">No posts found!<\/p>\n            <\/div>\n            <div class=\"clearfix\"><\/div>\n        <\/div>\t\t<\/div>\n\t\t\t\t<\/div>\n\t\t\t\t\t\t<\/div>\n\t\t\t\t\t<\/div>\n\t\t<\/div>\n\t\t\t\t\t\t\t\t<\/div>\n\t\t\t\t\t<\/div>\n\t\t<\/section>\n\t\t\t\t\t\t<\/div>\n\t\t\t\t\t\t<\/div>\n\t\t\t\t\t<\/div>\n\t\t","protected":false},"excerpt":{"rendered":"<p>Yenilenebilir Gen\u00e7lik Enerjisi \/RE-You Projesi kapsam\u0131nda, Bal\u0131kesir \u00dcniversitesi S\u00fcrekli E\u011fitim Uygulama ve Ara\u015ft\u0131rma Merkezi (BAUNSEM) \u00a0MYK taraf\u0131ndan yetkilendirildi \u00a0 Avrupa Birli\u011fi ve T\u00fcrkiye Cumhuriyeti taraf\u0131ndan finanse edilen, T.C. \u00c7al\u0131\u015fma Sosyal G\u00fcvenlik Bakanl\u0131\u011f\u0131 Avrupa Birli\u011fi ve Mali Yard\u0131mlar Dairesi Ba\u015fkanl\u0131\u011f\u0131\u2019n\u0131n S\u00f6zle\u015fme [&hellip;]<\/p>\n","protected":false},"author":2,"featured_media":0,"parent":0,"menu_order":0,"comment_status":"closed","ping_status":"closed","template":"elementor_canvas","meta":[],"categories":[],"tags":[],"yoast_head":"<!-- This site is optimized with the Yoast SEO plugin v14.9 - https:\/\/yoast.com\/wordpress\/plugins\/seo\/ -->\n<title>Yenilenebilir Gen\u00e7lik Enerjisi \/RE-You Projesi kapsam\u0131nda, Bal\u0131kesir \u00dcniversitesi S\u00fcrekli E\u011fitim Uygulama ve Ara\u015ft\u0131rma Merkezi (BAUNSEM) MYK taraf\u0131ndan yetkilendirildi | EDUSER<\/title>\n<meta name=\"robots\" content=\"index, follow, max-snippet:-1, max-image-preview:large, max-video-preview:-1\" \/>\n<link rel=\"canonical\" href=\"https:\/\/eduser.com.tr\/tr\/yenilenebilir-genclik-enerjisi-re-you-projesi-kapsaminda-balikesir-universitesi-surekli-egitim-uygulama-ve-arastirma-merkezi-baunsem-myk-tarafindan-yetkilendirildi\/\" \/>\n<meta property=\"og:locale\" content=\"tr_TR\" \/>\n<meta property=\"og:type\" content=\"article\" \/>\n<meta property=\"og:title\" content=\"Yenilenebilir Gen\u00e7lik Enerjisi \/RE-You Projesi kapsam\u0131nda, Bal\u0131kesir \u00dcniversitesi S\u00fcrekli E\u011fitim Uygulama ve Ara\u015ft\u0131rma Merkezi (BAUNSEM) MYK taraf\u0131ndan yetkilendirildi | EDUSER\" \/>\n<meta property=\"og:description\" content=\"Yenilenebilir Gen\u00e7lik Enerjisi \/RE-You Projesi kapsam\u0131nda, Bal\u0131kesir \u00dcniversitesi S\u00fcrekli E\u011fitim Uygulama ve Ara\u015ft\u0131rma Merkezi (BAUNSEM) \u00a0MYK taraf\u0131ndan yetkilendirildi \u00a0 Avrupa Birli\u011fi ve T\u00fcrkiye Cumhuriyeti taraf\u0131ndan finanse edilen, T.C. \u00c7al\u0131\u015fma Sosyal G\u00fcvenlik Bakanl\u0131\u011f\u0131 Avrupa Birli\u011fi ve Mali Yard\u0131mlar Dairesi Ba\u015fkanl\u0131\u011f\u0131\u2019n\u0131n S\u00f6zle\u015fme [&hellip;]\" \/>\n<meta property=\"og:url\" content=\"https:\/\/eduser.com.tr\/tr\/yenilenebilir-genclik-enerjisi-re-you-projesi-kapsaminda-balikesir-universitesi-surekli-egitim-uygulama-ve-arastirma-merkezi-baunsem-myk-tarafindan-yetkilendirildi\/\" \/>\n<meta property=\"og:site_name\" content=\"EDUSER\" \/>\n<meta property=\"article:publisher\" content=\"https:\/\/www.facebook.com\/eduserco\/\" \/>\n<meta property=\"article:modified_time\" content=\"2024-07-04T11:00:57+00:00\" \/>\n<meta property=\"og:image\" content=\"https:\/\/eduser.com.tr\/tr\/wp-content\/uploads\/sites\/6\/2024\/07\/haber-1-foto-1.png\" \/>\n<meta name=\"twitter:card\" content=\"summary_large_image\" \/>\n<meta name=\"twitter:creator\" content=\"@eduserco\" \/>\n<meta name=\"twitter:site\" content=\"@eduserco\" \/>\n<script type=\"application\/ld+json\" class=\"yoast-schema-graph\">{\"@context\":\"https:\/\/schema.org\",\"@graph\":[{\"@type\":\"Organization\",\"@id\":\"https:\/\/eduser.com.tr\/tr\/#organization\",\"name\":\"EDUSER Educational Consultancy Services Co.\",\"url\":\"https:\/\/eduser.com.tr\/tr\/\",\"sameAs\":[\"https:\/\/www.facebook.com\/eduserco\/\",\"https:\/\/www.linkedin.com\/company\/eduserco\/\",\"https:\/\/twitter.com\/eduserco\"],\"logo\":{\"@type\":\"ImageObject\",\"@id\":\"https:\/\/eduser.com.tr\/tr\/#logo\",\"inLanguage\":\"tr\",\"url\":\"https:\/\/eduser.com.tr\/tr\/wp-content\/uploads\/sites\/6\/2019\/10\/eduser-site-logo-color.svg\",\"caption\":\"EDUSER Educational Consultancy Services Co.\"},\"image\":{\"@id\":\"https:\/\/eduser.com.tr\/tr\/#logo\"}},{\"@type\":\"WebSite\",\"@id\":\"https:\/\/eduser.com.tr\/tr\/#website\",\"url\":\"https:\/\/eduser.com.tr\/tr\/\",\"name\":\"EDUSER\",\"description\":\"E\\u011fitim Dan\\u0131\\u015fmanl\\u0131k ve Uzmanl\\u0131k Hizmetleri\",\"publisher\":{\"@id\":\"https:\/\/eduser.com.tr\/tr\/#organization\"},\"potentialAction\":[{\"@type\":\"SearchAction\",\"target\":\"https:\/\/eduser.com.tr\/tr\/?s={search_term_string}\",\"query-input\":\"required name=search_term_string\"}],\"inLanguage\":\"tr\"},{\"@type\":\"ImageObject\",\"@id\":\"https:\/\/eduser.com.tr\/tr\/yenilenebilir-genclik-enerjisi-re-you-projesi-kapsaminda-balikesir-universitesi-surekli-egitim-uygulama-ve-arastirma-merkezi-baunsem-myk-tarafindan-yetkilendirildi\/#primaryimage\",\"inLanguage\":\"tr\",\"url\":\"https:\/\/eduser.com.tr\/tr\/wp-content\/uploads\/sites\/6\/2024\/07\/haber-1-foto-1.png\",\"width\":850,\"height\":400},{\"@type\":\"WebPage\",\"@id\":\"https:\/\/eduser.com.tr\/tr\/yenilenebilir-genclik-enerjisi-re-you-projesi-kapsaminda-balikesir-universitesi-surekli-egitim-uygulama-ve-arastirma-merkezi-baunsem-myk-tarafindan-yetkilendirildi\/#webpage\",\"url\":\"https:\/\/eduser.com.tr\/tr\/yenilenebilir-genclik-enerjisi-re-you-projesi-kapsaminda-balikesir-universitesi-surekli-egitim-uygulama-ve-arastirma-merkezi-baunsem-myk-tarafindan-yetkilendirildi\/\",\"name\":\"Yenilenebilir Gen\\u00e7lik Enerjisi \/RE-You Projesi kapsam\\u0131nda, Bal\\u0131kesir \\u00dcniversitesi S\\u00fcrekli E\\u011fitim Uygulama ve Ara\\u015ft\\u0131rma Merkezi (BAUNSEM) MYK taraf\\u0131ndan yetkilendirildi | EDUSER\",\"isPartOf\":{\"@id\":\"https:\/\/eduser.com.tr\/tr\/#website\"},\"primaryImageOfPage\":{\"@id\":\"https:\/\/eduser.com.tr\/tr\/yenilenebilir-genclik-enerjisi-re-you-projesi-kapsaminda-balikesir-universitesi-surekli-egitim-uygulama-ve-arastirma-merkezi-baunsem-myk-tarafindan-yetkilendirildi\/#primaryimage\"},\"datePublished\":\"2024-07-04T10:59:11+00:00\",\"dateModified\":\"2024-07-04T11:00:57+00:00\",\"inLanguage\":\"tr\",\"potentialAction\":[{\"@type\":\"ReadAction\",\"target\":[\"https:\/\/eduser.com.tr\/tr\/yenilenebilir-genclik-enerjisi-re-you-projesi-kapsaminda-balikesir-universitesi-surekli-egitim-uygulama-ve-arastirma-merkezi-baunsem-myk-tarafindan-yetkilendirildi\/\"]}]}]}<\/script>\n<!-- \/ Yoast SEO plugin. -->","_links":{"self":[{"href":"https:\/\/eduser.com.tr\/tr\/wp-json\/wp\/v2\/pages\/10110"}],"collection":[{"href":"https:\/\/eduser.com.tr\/tr\/wp-json\/wp\/v2\/pages"}],"about":[{"href":"https:\/\/eduser.com.tr\/tr\/wp-json\/wp\/v2\/types\/page"}],"author":[{"embeddable":true,"href":"https:\/\/eduser.com.tr\/tr\/wp-json\/wp\/v2\/users\/2"}],"replies":[{"embeddable":true,"href":"https:\/\/eduser.com.tr\/tr\/wp-json\/wp\/v2\/comments?post=10110"}],"version-history":[{"count":2,"href":"https:\/\/eduser.com.tr\/tr\/wp-json\/wp\/v2\/pages\/10110\/revisions"}],"predecessor-version":[{"id":10114,"href":"https:\/\/eduser.com.tr\/tr\/wp-json\/wp\/v2\/pages\/10110\/revisions\/10114"}],"wp:attachment":[{"href":"https:\/\/eduser.com.tr\/tr\/wp-json\/wp\/v2\/media?parent=10110"}],"wp:term":[{"taxonomy":"category","embeddable":true,"href":"https:\/\/eduser.com.tr\/tr\/wp-json\/wp\/v2\/categories?post=10110"},{"taxonomy":"post_tag","embeddable":true,"href":"https:\/\/eduser.com.tr\/tr\/wp-json\/wp\/v2\/tags?post=10110"}],"curies":[{"name":"wp","href":"https:\/\/api.w.org\/{rel}","templated":true}]}}