{"id":10116,"date":"2024-07-04T14:04:47","date_gmt":"2024-07-04T11:04:47","guid":{"rendered":"https:\/\/eduser.com.tr\/tr\/?page_id=10116"},"modified":"2024-07-04T14:11:16","modified_gmt":"2024-07-04T11:11:16","slug":"yenilenebilir-genclik-enerjisi-re-you-projesi-kapsaminda-balikesir-universitesi-surekli-egitim-uygulama-ve-arastirma-merkezi-baunsem-myk-tarafindan-yetkilendirildi-2","status":"publish","type":"page","link":"https:\/\/eduser.com.tr\/tr\/yenilenebilir-genclik-enerjisi-re-you-projesi-kapsaminda-balikesir-universitesi-surekli-egitim-uygulama-ve-arastirma-merkezi-baunsem-myk-tarafindan-yetkilendirildi-2\/","title":{"rendered":"Yenilenebilir Gen\u00e7lik Enerjisi \/RE-You Projesi kapsam\u0131nda, Bal\u0131kesir \u00dcniversitesi S\u00fcrekli E\u011fitim Uygulama ve Ara\u015ft\u0131rma Merkezi (BAUNSEM)  MYK taraf\u0131ndan yetkilendirildi"},"content":{"rendered":"<p><strong>Yenilenebilir Gen\u00e7lik Enerjisi \/RE-You Projesi kapsam\u0131nda, Bal\u0131kesir \u00dcniversitesi S\u00fcrekli E\u011fitim Uygulama ve Ara\u015ft\u0131rma Merkezi (BAUNSEM) \u00a0MYK taraf\u0131ndan yetkilendirildi <\/strong><\/p>\n<p>&nbsp;<\/p>\n<p><img loading=\"lazy\" class=\"wp-image-10117 alignleft\" src=\"https:\/\/eduser.com.tr\/tr\/wp-content\/uploads\/sites\/6\/2024\/07\/haber-1-foto-1-1-300x141.png\" alt=\"\" width=\"393\" height=\"185\" srcset=\"https:\/\/eduser.com.tr\/tr\/wp-content\/uploads\/sites\/6\/2024\/07\/haber-1-foto-1-1-300x141.png 300w, https:\/\/eduser.com.tr\/tr\/wp-content\/uploads\/sites\/6\/2024\/07\/haber-1-foto-1-1-768x361.png 768w, https:\/\/eduser.com.tr\/tr\/wp-content\/uploads\/sites\/6\/2024\/07\/haber-1-foto-1-1-440x207.png 440w, https:\/\/eduser.com.tr\/tr\/wp-content\/uploads\/sites\/6\/2024\/07\/haber-1-foto-1-1.png 850w\" sizes=\"(max-width: 393px) 100vw, 393px\" \/><\/p>\n<p>Avrupa Birli\u011fi ve T\u00fcrkiye Cumhuriyeti taraf\u0131ndan finanse edilen, T.C. \u00c7al\u0131\u015fma Sosyal G\u00fcvenlik Bakanl\u0131\u011f\u0131 Avrupa Birli\u011fi ve Mali Yard\u0131mlar Dairesi Ba\u015fkanl\u0131\u011f\u0131\u2019n\u0131n S\u00f6zle\u015fme Otoritesi, G\u00fcney Marmara Kalk\u0131nma Ajans\u0131\u2019n\u0131n faydalan\u0131c\u0131s\u0131 oldu\u011fu Yenilenebilir Gen\u00e7lik Enerjisi (RE-You) Projesi kapsam\u0131nda, Bal\u0131kesir \u00dcniversitesi S\u00fcrekli E\u011fitim Uygulama ve Ara\u015ft\u0131rma Merkezi (BAUNSEM), Mesleki Yeterlilik Kurumu (MYK) taraf\u0131ndan YB-0380 kodu ile Enerji sekt\u00f6r\u00fcnde s\u0131nav ve belgelendirme faaliyetlerini ger\u00e7ekle\u015ftirmek \u00fczere 26.03.2024 tarihinden itibaren yetkilendirildi.<\/p>\n<p>T\u00dcRKAK taraf\u0131ndan TS EN ISO\/IEC 17024\/2012 standard\u0131na g\u00f6re Enerji sekt\u00f6r\u00fcnde, Fotovoltaik, R\u00fczg\u00e2r ve Biyogaz g\u00fc\u00e7 sistemleri Seviye 5 kapsamlar\u0131nda AB-0527-P Akreditasyon Numaras\u0131 ile akredite edilen ve MYK taraf\u0131ndan yetkilendirilen, Bal\u0131kesir \u00dcniversitesi S\u00fcrekli E\u011fitim Uygulama ve Ara\u015ft\u0131rma Merkezi b\u00fcnyesinde kurulan Personel Belgelendirme Birimi, ba\u015fta Bal\u0131kesir olmak \u00fczere, Marmara B\u00f6lgesi ve T\u00fcrkiye\u2019nin co\u011frafi konumundan kaynaklanan zengin do\u011fal kaynaklar\u0131n\u0131, \u00fclkemizin ihtiyac\u0131 olan enerjiye d\u00f6n\u00fc\u015ft\u00fcrecek sekt\u00f6rde \u00e7al\u0131\u015fan i\u015fg\u00fcc\u00fcn\u00fcn, uluslararas\u0131 tan\u0131n\u0131rl\u0131kta belgelendirme ile niteliklerinin art\u0131r\u0131lmas\u0131nda kilit bir rol \u00fcstlenir duruma gelmi\u015ftir.<\/p>\n<p><img loading=\"lazy\" class=\"alignnone size-medium wp-image-10118\" src=\"https:\/\/eduser.com.tr\/tr\/wp-content\/uploads\/sites\/6\/2024\/07\/haber-1-foto-2-1-300x222.jpg\" alt=\"\" width=\"300\" height=\"222\" srcset=\"https:\/\/eduser.com.tr\/tr\/wp-content\/uploads\/sites\/6\/2024\/07\/haber-1-foto-2-1-300x222.jpg 300w, https:\/\/eduser.com.tr\/tr\/wp-content\/uploads\/sites\/6\/2024\/07\/haber-1-foto-2-1-440x326.jpg 440w, https:\/\/eduser.com.tr\/tr\/wp-content\/uploads\/sites\/6\/2024\/07\/haber-1-foto-2-1.jpg 768w\" sizes=\"(max-width: 300px) 100vw, 300px\" \/><\/p>\n<p><strong>Kurulu\u015fun kapsam\u0131nda yer alan yeterlilikler:<\/strong><\/p>\n<p>15UY0208-5\/01 Fotovoltaik G\u00fc\u00e7 Sistemleri Personeli<\/p>\n<p>15UY0210-5\/01 R\u00fczg\u00e2r G\u00fc\u00e7 Sistemleri Personeli<\/p>\n<p>15UY0207-5\/01 Biyogaz G\u00fc\u00e7 Sistemleri Personeli<\/p>\n<p>&nbsp;<\/p>\n","protected":false},"excerpt":{"rendered":"<p>Yenilenebilir Gen\u00e7lik Enerjisi \/RE-You Projesi kapsam\u0131nda, Bal\u0131kesir \u00dcniversitesi S\u00fcrekli E\u011fitim Uygulama ve Ara\u015ft\u0131rma Merkezi (BAUNSEM) \u00a0MYK taraf\u0131ndan yetkilendirildi &nbsp; Avrupa Birli\u011fi ve T\u00fcrkiye Cumhuriyeti taraf\u0131ndan finanse edilen, T.C. \u00c7al\u0131\u015fma Sosyal G\u00fcvenlik Bakanl\u0131\u011f\u0131 Avrupa Birli\u011fi ve Mali Yard\u0131mlar Dairesi Ba\u015fkanl\u0131\u011f\u0131\u2019n\u0131n S\u00f6zle\u015fme [&hellip;]<\/p>\n","protected":false},"author":2,"featured_media":0,"parent":0,"menu_order":0,"comment_status":"closed","ping_status":"closed","template":"","meta":[],"categories":[78],"tags":[],"yoast_head":"<!-- This site is optimized with the Yoast SEO plugin v14.9 - https:\/\/yoast.com\/wordpress\/plugins\/seo\/ -->\n<title>Yenilenebilir Gen\u00e7lik Enerjisi \/RE-You Projesi kapsam\u0131nda, Bal\u0131kesir \u00dcniversitesi S\u00fcrekli E\u011fitim Uygulama ve Ara\u015ft\u0131rma Merkezi (BAUNSEM) MYK taraf\u0131ndan yetkilendirildi | EDUSER<\/title>\n<meta name=\"robots\" content=\"index, follow, max-snippet:-1, max-image-preview:large, max-video-preview:-1\" \/>\n<link rel=\"canonical\" href=\"https:\/\/eduser.com.tr\/tr\/yenilenebilir-genclik-enerjisi-re-you-projesi-kapsaminda-balikesir-universitesi-surekli-egitim-uygulama-ve-arastirma-merkezi-baunsem-myk-tarafindan-yetkilendirildi-2\/\" \/>\n<meta property=\"og:locale\" content=\"tr_TR\" \/>\n<meta property=\"og:type\" content=\"article\" \/>\n<meta property=\"og:title\" content=\"Yenilenebilir Gen\u00e7lik Enerjisi \/RE-You Projesi kapsam\u0131nda, Bal\u0131kesir \u00dcniversitesi S\u00fcrekli E\u011fitim Uygulama ve Ara\u015ft\u0131rma Merkezi (BAUNSEM) MYK taraf\u0131ndan yetkilendirildi | EDUSER\" \/>\n<meta property=\"og:description\" content=\"Yenilenebilir Gen\u00e7lik Enerjisi \/RE-You Projesi kapsam\u0131nda, Bal\u0131kesir \u00dcniversitesi S\u00fcrekli E\u011fitim Uygulama ve Ara\u015ft\u0131rma Merkezi (BAUNSEM) \u00a0MYK taraf\u0131ndan yetkilendirildi &nbsp; Avrupa Birli\u011fi ve T\u00fcrkiye Cumhuriyeti taraf\u0131ndan finanse edilen, T.C. \u00c7al\u0131\u015fma Sosyal G\u00fcvenlik Bakanl\u0131\u011f\u0131 Avrupa Birli\u011fi ve Mali Yard\u0131mlar Dairesi Ba\u015fkanl\u0131\u011f\u0131\u2019n\u0131n S\u00f6zle\u015fme [&hellip;]\" \/>\n<meta property=\"og:url\" content=\"https:\/\/eduser.com.tr\/tr\/yenilenebilir-genclik-enerjisi-re-you-projesi-kapsaminda-balikesir-universitesi-surekli-egitim-uygulama-ve-arastirma-merkezi-baunsem-myk-tarafindan-yetkilendirildi-2\/\" \/>\n<meta property=\"og:site_name\" content=\"EDUSER\" \/>\n<meta property=\"article:publisher\" content=\"https:\/\/www.facebook.com\/eduserco\/\" \/>\n<meta property=\"article:modified_time\" content=\"2024-07-04T11:11:16+00:00\" \/>\n<meta property=\"og:image\" content=\"https:\/\/eduser.com.tr\/tr\/wp-content\/uploads\/sites\/6\/2024\/07\/haber-1-foto-1-1-300x141.png\" \/>\n<meta name=\"twitter:card\" content=\"summary_large_image\" \/>\n<meta name=\"twitter:creator\" content=\"@eduserco\" \/>\n<meta name=\"twitter:site\" content=\"@eduserco\" \/>\n<script type=\"application\/ld+json\" class=\"yoast-schema-graph\">{\"@context\":\"https:\/\/schema.org\",\"@graph\":[{\"@type\":\"Organization\",\"@id\":\"https:\/\/eduser.com.tr\/tr\/#organization\",\"name\":\"EDUSER Educational Consultancy Services Co.\",\"url\":\"https:\/\/eduser.com.tr\/tr\/\",\"sameAs\":[\"https:\/\/www.facebook.com\/eduserco\/\",\"https:\/\/www.linkedin.com\/company\/eduserco\/\",\"https:\/\/twitter.com\/eduserco\"],\"logo\":{\"@type\":\"ImageObject\",\"@id\":\"https:\/\/eduser.com.tr\/tr\/#logo\",\"inLanguage\":\"tr\",\"url\":\"https:\/\/eduser.com.tr\/tr\/wp-content\/uploads\/sites\/6\/2019\/10\/eduser-site-logo-color.svg\",\"caption\":\"EDUSER Educational Consultancy Services Co.\"},\"image\":{\"@id\":\"https:\/\/eduser.com.tr\/tr\/#logo\"}},{\"@type\":\"WebSite\",\"@id\":\"https:\/\/eduser.com.tr\/tr\/#website\",\"url\":\"https:\/\/eduser.com.tr\/tr\/\",\"name\":\"EDUSER\",\"description\":\"E\\u011fitim Dan\\u0131\\u015fmanl\\u0131k ve Uzmanl\\u0131k Hizmetleri\",\"publisher\":{\"@id\":\"https:\/\/eduser.com.tr\/tr\/#organization\"},\"potentialAction\":[{\"@type\":\"SearchAction\",\"target\":\"https:\/\/eduser.com.tr\/tr\/?s={search_term_string}\",\"query-input\":\"required name=search_term_string\"}],\"inLanguage\":\"tr\"},{\"@type\":\"ImageObject\",\"@id\":\"https:\/\/eduser.com.tr\/tr\/yenilenebilir-genclik-enerjisi-re-you-projesi-kapsaminda-balikesir-universitesi-surekli-egitim-uygulama-ve-arastirma-merkezi-baunsem-myk-tarafindan-yetkilendirildi-2\/#primaryimage\",\"inLanguage\":\"tr\",\"url\":\"https:\/\/eduser.com.tr\/tr\/wp-content\/uploads\/sites\/6\/2024\/07\/haber-1-foto-1-1.png\",\"width\":850,\"height\":400},{\"@type\":\"WebPage\",\"@id\":\"https:\/\/eduser.com.tr\/tr\/yenilenebilir-genclik-enerjisi-re-you-projesi-kapsaminda-balikesir-universitesi-surekli-egitim-uygulama-ve-arastirma-merkezi-baunsem-myk-tarafindan-yetkilendirildi-2\/#webpage\",\"url\":\"https:\/\/eduser.com.tr\/tr\/yenilenebilir-genclik-enerjisi-re-you-projesi-kapsaminda-balikesir-universitesi-surekli-egitim-uygulama-ve-arastirma-merkezi-baunsem-myk-tarafindan-yetkilendirildi-2\/\",\"name\":\"Yenilenebilir Gen\\u00e7lik Enerjisi \/RE-You Projesi kapsam\\u0131nda, Bal\\u0131kesir \\u00dcniversitesi S\\u00fcrekli E\\u011fitim Uygulama ve Ara\\u015ft\\u0131rma Merkezi (BAUNSEM) MYK taraf\\u0131ndan yetkilendirildi | EDUSER\",\"isPartOf\":{\"@id\":\"https:\/\/eduser.com.tr\/tr\/#website\"},\"primaryImageOfPage\":{\"@id\":\"https:\/\/eduser.com.tr\/tr\/yenilenebilir-genclik-enerjisi-re-you-projesi-kapsaminda-balikesir-universitesi-surekli-egitim-uygulama-ve-arastirma-merkezi-baunsem-myk-tarafindan-yetkilendirildi-2\/#primaryimage\"},\"datePublished\":\"2024-07-04T11:04:47+00:00\",\"dateModified\":\"2024-07-04T11:11:16+00:00\",\"inLanguage\":\"tr\",\"potentialAction\":[{\"@type\":\"ReadAction\",\"target\":[\"https:\/\/eduser.com.tr\/tr\/yenilenebilir-genclik-enerjisi-re-you-projesi-kapsaminda-balikesir-universitesi-surekli-egitim-uygulama-ve-arastirma-merkezi-baunsem-myk-tarafindan-yetkilendirildi-2\/\"]}]}]}<\/script>\n<!-- \/ Yoast SEO plugin. -->","_links":{"self":[{"href":"https:\/\/eduser.com.tr\/tr\/wp-json\/wp\/v2\/pages\/10116"}],"collection":[{"href":"https:\/\/eduser.com.tr\/tr\/wp-json\/wp\/v2\/pages"}],"about":[{"href":"https:\/\/eduser.com.tr\/tr\/wp-json\/wp\/v2\/types\/page"}],"author":[{"embeddable":true,"href":"https:\/\/eduser.com.tr\/tr\/wp-json\/wp\/v2\/users\/2"}],"replies":[{"embeddable":true,"href":"https:\/\/eduser.com.tr\/tr\/wp-json\/wp\/v2\/comments?post=10116"}],"version-history":[{"count":2,"href":"https:\/\/eduser.com.tr\/tr\/wp-json\/wp\/v2\/pages\/10116\/revisions"}],"predecessor-version":[{"id":10120,"href":"https:\/\/eduser.com.tr\/tr\/wp-json\/wp\/v2\/pages\/10116\/revisions\/10120"}],"wp:attachment":[{"href":"https:\/\/eduser.com.tr\/tr\/wp-json\/wp\/v2\/media?parent=10116"}],"wp:term":[{"taxonomy":"category","embeddable":true,"href":"https:\/\/eduser.com.tr\/tr\/wp-json\/wp\/v2\/categories?post=10116"},{"taxonomy":"post_tag","embeddable":true,"href":"https:\/\/eduser.com.tr\/tr\/wp-json\/wp\/v2\/tags?post=10116"}],"curies":[{"name":"wp","href":"https:\/\/api.w.org\/{rel}","templated":true}]}}