{"id":10208,"date":"2026-03-30T13:36:54","date_gmt":"2026-03-30T10:36:54","guid":{"rendered":"https:\/\/eduser.com.tr\/tr\/?page_id=10208"},"modified":"2026-03-30T13:45:27","modified_gmt":"2026-03-30T10:45:27","slug":"imep-ii-program-destek-personeli","status":"publish","type":"page","link":"https:\/\/eduser.com.tr\/tr\/imep-ii-program-destek-personeli\/","title":{"rendered":"\u0130MEP II Program Destek Personeli"},"content":{"rendered":"<p><strong>\u0130MEP II PROGRAM DESTEK PERSONEL\u0130<\/strong><\/p>\n<p>EDUSER Dan\u0131\u015fmanl\u0131k \u015eirketi, AB &#8220;\u0130stihdam \u0130\u00e7in Mesleki E\u011fitim ve \u00d6\u011fretim Program\u0131 (\u0130MEP II)&#8221; Projesi i\u00e7in \u0130MEP Program Destek Personeli ar\u0131yor.<\/p>\n<p><strong>Ba\u015fvurular: <\/strong>T\u00fcrk\u00e7e ve\/veya \u0130ngilizce CV\u2019nizi <a href=\"mailto:zuhal@eduser.com.tr\"><strong>zuhal@eduser.com.tr<\/strong><\/a> adresine <strong><u>13.04.2026<\/u> <u>Saat<\/u> <u>17:00\u2019ye kadar<\/u> <\/strong>g\u00f6ndermenizi rica ederiz.<\/p>\n<p>Sadece g\u00f6r\u00fc\u015fme yap\u0131lacak ki\u015filere d\u00f6n\u00fc\u015f yap\u0131labilecektir.<\/p>\n<p>Kriterleri kar\u015f\u0131lamayan ki\u015filerin CV\u2019lerini g\u00f6ndermemesi \u00f6nemle rica olunur.<\/p>\n<p><strong>\u0130\u015e TANIMI<\/strong><\/p>\n<p><strong>PROGRAM ADI<\/strong>: \u0130stihdam i\u00e7in Mesleki E\u011fitim Program\u0131 (\u0130MEP II)<\/p>\n<p><strong>REF: <\/strong>NDICI-RRP-NEAR\/s2023\/450-810<\/p>\n<p><strong>FAAL\u0130YET<\/strong>: T\u00fcm faaliyetler<\/p>\n<p><strong>UZMAN KATEGOR\u0130S\u0130: <\/strong>Program Destek Personeli<\/p>\n<p><strong>G\u00d6REV S\u00dcRES\u0130: <\/strong>20 ay<\/p>\n<ol>\n<li><strong>ARKA PLAN B\u0130LG\u0130S\u0130:<\/strong><\/li>\n<\/ol>\n<p>T\u00fcrkiye&#8217;de y\u00fcksek kaliteli mesleki e\u011fitim ve \u00e7\u0131rakl\u0131k yoluyla uluslararas\u0131 ve ge\u00e7ici koruma alt\u0131ndakiler ile ev sahibi topluluklar i\u00e7in istihdam beklentilerinin iyile\u015ftirilmesi (VET4JOB A\u015fama II), Avrupa Birli\u011fi T\u00fcrkiye Delegasyonunun s\u00f6zle\u015fme makam\u0131, MEB Mesleki ve Teknik E\u011fitim Genel M\u00fcd\u00fcrl\u00fc\u011f\u00fc ile<\/p>\n<p>T\u00fcrkiye Esnaf ve Sanatkarlar\u0131 Konfederasyonunun yararlan\u0131c\u0131s\u0131 ve EDUSER ve EXPERTISE FRANCE&#8217;\u0131n uygulama ortaklar\u0131 oldu\u011fu VET4JOB program\u0131n\u0131n ikinci a\u015famas\u0131d\u0131r. Program 1 Mart 2024&#8217;te ba\u015flam\u0131\u015f olup, 30 Kas\u0131m 2028&#8217;de tamamlanmas\u0131 planlanmaktad\u0131r.<\/p>\n<p>Program\u0131n Genel Hedefi (GH): \u0130\u015fg\u00fcc\u00fc piyasas\u0131 ihtiya\u00e7lar\u0131 do\u011frultusunda \u00e7\u0131rakl\u0131k ve mesleki e\u011fitim yoluyla beceri geli\u015fimini destekleyerek uluslararas\u0131 ve ge\u00e7ici koruma alt\u0131ndakiler ile ev sahibi topluluklar i\u00e7in s\u00fcrd\u00fcr\u00fclebilir ge\u00e7im kaynaklar\u0131na ve istihdama eri\u015fimlerinin kolayla\u015ft\u0131r\u0131lmas\u0131d\u0131r.<\/p>\n<p><em>\u00d6zel Hedefler (\u00d6H) \u015funlard\u0131r:<\/em><\/p>\n<p>\u00d6H1: Kaliteli \u00e7\u0131rakl\u0131k ve mesleki e\u011fitim yoluyla uluslararas\u0131 ve ge\u00e7ici koruma alt\u0131ndakiler ile ev sahibi topluluklar\u0131n g\u00fc\u00e7lendirilmesi ve ekonomik entegrasyonlar\u0131n\u0131n sa\u011flanmas\u0131.<\/p>\n<p>\u00d6H2: \u00c7\u0131rakl\u0131k ve mesleki e\u011fitimin kapasitesinin, \u00e7ekicili\u011finin ve kapsay\u0131c\u0131l\u0131\u011f\u0131n\u0131n art\u0131r\u0131lmas\u0131 yoluyla uluslararas\u0131 ve ge\u00e7ici koruma alt\u0131ndakiler ile ev sahibi topluluklar aras\u0131ndaki sosyal uyumun g\u00fc\u00e7lendirilmesi ve \u00e7ocuk i\u015f\u00e7ili\u011finin ortadan kald\u0131r\u0131lmas\u0131 \u00e7abalar\u0131n\u0131n g\u00fc\u00e7lendirilmesi.<\/p>\n<ol start=\"2\">\n<li><strong>G\u00d6REV A\u00c7IKLAMASI:<\/strong><\/li>\n<\/ol>\n<p><strong><u>\u00d6zel Hedef(ler) ve Beklenen \u00c7\u0131kt\u0131(lar):<\/u><\/strong><\/p>\n<p>Program destek personeli a\u015fa\u011f\u0131da belirtilen faaliyetlerin ger\u00e7ekle\u015ftirilmesinde Program B\u00f6lge\/\u0130l Koordinat\u00f6r\u00fcne destek olacakt\u0131r;<\/p>\n<ul>\n<li>Program boyunca ger\u00e7ekle\u015ftirilecek etkinliklerde (toplant\u0131lar, konferanslar, yar\u0131\u015fmalar, fark\u0131ndal\u0131k kampanyalar\u0131 vb.) g\u00f6rev almak,<\/li>\n<\/ul>\n<p>\u0130l d\u00fczeyinde y\u00fcr\u00fct\u00fclen faaliyetlerin uygulanmas\u0131, izlenmesi ve raporlanmas\u0131nda g\u00f6rev almak,<\/p>\n<ul>\n<li>Program\u0131n g\u00fcnl\u00fck i\u015fleyi\u015flerinde ihtiya\u00e7 duyulan i\u015f ve i\u015flemleri il koordinat\u00f6r\u00fc ile birlikte yapmak,<\/li>\n<li>Program belge ve evraklar\u0131n\u0131n Merkez Ofis talimatlar\u0131 do\u011frultusunda haz\u0131rlanarak zaman\u0131nda teslim edilmesini sa\u011flamak,<\/li>\n<li>Program ve faaliyetlerle ilgili t\u00fcm bilgi ve belgelerin (yerel olarak imzalanm\u0131\u015f s\u00f6zle\u015fmelerin as\u0131llar\u0131, zaman \u00e7izelgeleri, kurs devam \u00e7izelgeleri, izleme \u00e7izelgeleri, toplant\u0131 imza \u00e7izelgeleri, \u00f6\u011fretmen puanlamas\u0131 dahil) toplanmas\u0131 ve Merkez Ofise sunulmas\u0131n\u0131 il koordinat\u00f6r\u00fc g\u00f6zetiminde sa\u011flamak,<\/li>\n<li>Faturalar\u0131n al\u0131nmas\u0131 ve asl\u0131n\u0131n Merkez Ofise g\u00f6nderilmesinde (Kurum i\u00e7in bir kopyas\u0131n\u0131n saklanmas\u0131) yard\u0131mc\u0131 olmak,<\/li>\n<li>\u0130htiya\u00e7 halinde sahan\u0131n durumuna g\u00f6re izleme-takip s\u00fcre\u00e7lerini y\u00fcr\u00fctmek ve kay\u0131t alt\u0131na almak,<\/li>\n<\/ul>\n<p><strong><em>\u0130MEP Program il destek personeli ayn\u0131 zamanda, Merkezi Program Ofisi taraf\u0131ndan verilen di\u011fer g\u00f6revleri yerine getirmekle y\u00fck\u00fcml\u00fcd\u00fcr.<\/em><\/strong><\/p>\n<ol start=\"3\">\n<li><strong>PROF\u0130L<\/strong><\/li>\n<\/ol>\n<p><strong>Aranan Nitelikler:<\/strong><\/p>\n<table width=\"633\">\n<tbody>\n<tr>\n<td width=\"633\"><strong>Nitelikler ve beceriler:<\/strong><\/p>\n<p>&#8211;\u00a0 En az lise mezuniyeti (teknik b\u00f6l\u00fcmlerden mezun olan adaylar tercih sebebidir)<\/p>\n<p>&#8211;\u00a0 Bilgisayar okuryazarl\u0131\u011f\u0131,<\/p>\n<p>&#8211;\u00a0 Microsoft Office programlar\u0131n\u0131n, \u00f6zellikle Excel ve Word kullan\u0131m tecr\u00fcbesi \u0130leti\u015fim ve analitik d\u00fc\u015f\u00fcnme yetene\u011fi<\/td>\n<\/tr>\n<tr>\n<td width=\"633\"><strong>Genel Mesleki Deneyim:<\/strong><\/p>\n<p>&#8211;\u00a0 En az 3 y\u0131l \u00e7al\u0131\u015fma deneyimi<\/p>\n<p>&#8211;\u00a0 E\u011fitim, etkinlik vb. organizasyon d\u00fczenleme deneyimi Rapor haz\u0131rlama becerisi<\/p>\n<p>&#8211;\u00a0 Aktif olarak ara\u00e7 kullanma ve seyahat engelinin olmamas\u0131<\/td>\n<\/tr>\n<tr>\n<td width=\"633\"><strong>\u00d6zel Mesleki Deneyim:<\/strong><\/p>\n<p>&#8211;\u00a0 CorelDRAW, Illustrator , Photoshop, Canva vb. grafik program \/ tasar\u0131m tecr\u00fcbesi ve Kobotoolbox gibi veri toplama deneyimi tercih edilecektir.<\/td>\n<\/tr>\n<\/tbody>\n<\/table>\n<ol start=\"4\">\n<li><strong>G\u00d6REV S\u00dcRESI:<\/strong><\/li>\n<\/ol>\n<p>May\u0131s 2025\u2019den itibaren 20 ay<\/p>\n<ol start=\"5\">\n<li><strong>TOPLAM \u00c7ALI\u015eMA:<\/strong><\/li>\n<\/ol>\n<p>Program destek personeli, B\u00f6lge\/il Koordinat\u00f6r\u00fc ile koordineli olarak m\u00fcmk\u00fcn olan en k\u0131sa s\u00fcrede g\u00f6reve ba\u015flamal\u0131d\u0131r.<\/p>\n<p>Toplam \u00e7al\u0131\u015fma s\u00fcresi 20 ay olarak planlanm\u0131\u015ft\u0131r ancak bu s\u00fcre, Program\u0131n geli\u015fimine g\u00f6re g\u00f6zden ge\u00e7irilebilir.<\/p>\n<ol start=\"6\">\n<li><strong>G\u00d6REV YERI:<\/strong><\/li>\n<\/ol>\n<p>G\u00f6rev yeri <strong>Bursa<\/strong> olup, ihtiya\u00e7 duyulmas\u0131 halinde, proje illerinde y\u00fcr\u00fct\u00fclen \u00e7al\u0131\u015fmalara kat\u0131l\u0131m sa\u011flayacakt\u0131r.<\/p>\n<ol start=\"7\">\n<li><strong>\u00c7ALI\u015eMA D\u0130L\u0130: <\/strong>\u00c7al\u0131\u015fma dili T\u00fcrk\u00e7e\u2019dir.<\/li>\n<\/ol>\n","protected":false},"excerpt":{"rendered":"<p>\u0130MEP II PROGRAM DESTEK PERSONEL\u0130 EDUSER Dan\u0131\u015fmanl\u0131k \u015eirketi, AB &#8220;\u0130stihdam \u0130\u00e7in Mesleki E\u011fitim ve \u00d6\u011fretim Program\u0131 (\u0130MEP II)&#8221; Projesi i\u00e7in \u0130MEP Program Destek Personeli ar\u0131yor. Ba\u015fvurular: T\u00fcrk\u00e7e ve\/veya \u0130ngilizce CV\u2019nizi zuhal@eduser.com.tr adresine 13.04.2026 Saat 17:00\u2019ye kadar g\u00f6ndermenizi rica ederiz. Sadece [&hellip;]<\/p>\n","protected":false},"author":2,"featured_media":0,"parent":0,"menu_order":0,"comment_status":"closed","ping_status":"closed","template":"","meta":[],"categories":[48],"tags":[],"yoast_head":"<!-- This site is optimized with the Yoast SEO plugin v14.9 - https:\/\/yoast.com\/wordpress\/plugins\/seo\/ -->\n<title>\u0130MEP II Program Destek Personeli | EDUSER<\/title>\n<meta name=\"robots\" content=\"index, follow, max-snippet:-1, max-image-preview:large, max-video-preview:-1\" \/>\n<link rel=\"canonical\" href=\"https:\/\/eduser.com.tr\/tr\/imep-ii-program-destek-personeli\/\" \/>\n<meta property=\"og:locale\" content=\"tr_TR\" \/>\n<meta property=\"og:type\" content=\"article\" \/>\n<meta property=\"og:title\" content=\"\u0130MEP II Program Destek Personeli | EDUSER\" \/>\n<meta property=\"og:description\" content=\"\u0130MEP II PROGRAM DESTEK PERSONEL\u0130 EDUSER Dan\u0131\u015fmanl\u0131k \u015eirketi, AB &#8220;\u0130stihdam \u0130\u00e7in Mesleki E\u011fitim ve \u00d6\u011fretim Program\u0131 (\u0130MEP II)&#8221; Projesi i\u00e7in \u0130MEP Program Destek Personeli ar\u0131yor. Ba\u015fvurular: T\u00fcrk\u00e7e ve\/veya \u0130ngilizce CV\u2019nizi zuhal@eduser.com.tr adresine 13.04.2026 Saat 17:00\u2019ye kadar g\u00f6ndermenizi rica ederiz. Sadece [&hellip;]\" \/>\n<meta property=\"og:url\" content=\"https:\/\/eduser.com.tr\/tr\/imep-ii-program-destek-personeli\/\" \/>\n<meta property=\"og:site_name\" content=\"EDUSER\" \/>\n<meta property=\"article:publisher\" content=\"https:\/\/www.facebook.com\/eduserco\/\" \/>\n<meta property=\"article:modified_time\" content=\"2026-03-30T10:45:27+00:00\" \/>\n<meta name=\"twitter:card\" content=\"summary_large_image\" \/>\n<meta name=\"twitter:creator\" content=\"@eduserco\" \/>\n<meta name=\"twitter:site\" content=\"@eduserco\" \/>\n<script type=\"application\/ld+json\" class=\"yoast-schema-graph\">{\"@context\":\"https:\/\/schema.org\",\"@graph\":[{\"@type\":\"Organization\",\"@id\":\"https:\/\/eduser.com.tr\/tr\/#organization\",\"name\":\"EDUSER Educational Consultancy Services Co.\",\"url\":\"https:\/\/eduser.com.tr\/tr\/\",\"sameAs\":[\"https:\/\/www.facebook.com\/eduserco\/\",\"https:\/\/www.linkedin.com\/company\/eduserco\/\",\"https:\/\/twitter.com\/eduserco\"],\"logo\":{\"@type\":\"ImageObject\",\"@id\":\"https:\/\/eduser.com.tr\/tr\/#logo\",\"inLanguage\":\"tr\",\"url\":\"https:\/\/eduser.com.tr\/tr\/wp-content\/uploads\/sites\/6\/2019\/10\/eduser-site-logo-color.svg\",\"caption\":\"EDUSER Educational Consultancy Services Co.\"},\"image\":{\"@id\":\"https:\/\/eduser.com.tr\/tr\/#logo\"}},{\"@type\":\"WebSite\",\"@id\":\"https:\/\/eduser.com.tr\/tr\/#website\",\"url\":\"https:\/\/eduser.com.tr\/tr\/\",\"name\":\"EDUSER\",\"description\":\"E\\u011fitim Dan\\u0131\\u015fmanl\\u0131k ve Uzmanl\\u0131k Hizmetleri\",\"publisher\":{\"@id\":\"https:\/\/eduser.com.tr\/tr\/#organization\"},\"potentialAction\":[{\"@type\":\"SearchAction\",\"target\":\"https:\/\/eduser.com.tr\/tr\/?s={search_term_string}\",\"query-input\":\"required name=search_term_string\"}],\"inLanguage\":\"tr\"},{\"@type\":\"WebPage\",\"@id\":\"https:\/\/eduser.com.tr\/tr\/imep-ii-program-destek-personeli\/#webpage\",\"url\":\"https:\/\/eduser.com.tr\/tr\/imep-ii-program-destek-personeli\/\",\"name\":\"\\u0130MEP II Program Destek Personeli | EDUSER\",\"isPartOf\":{\"@id\":\"https:\/\/eduser.com.tr\/tr\/#website\"},\"datePublished\":\"2026-03-30T10:36:54+00:00\",\"dateModified\":\"2026-03-30T10:45:27+00:00\",\"inLanguage\":\"tr\",\"potentialAction\":[{\"@type\":\"ReadAction\",\"target\":[\"https:\/\/eduser.com.tr\/tr\/imep-ii-program-destek-personeli\/\"]}]}]}<\/script>\n<!-- \/ Yoast SEO plugin. -->","_links":{"self":[{"href":"https:\/\/eduser.com.tr\/tr\/wp-json\/wp\/v2\/pages\/10208"}],"collection":[{"href":"https:\/\/eduser.com.tr\/tr\/wp-json\/wp\/v2\/pages"}],"about":[{"href":"https:\/\/eduser.com.tr\/tr\/wp-json\/wp\/v2\/types\/page"}],"author":[{"embeddable":true,"href":"https:\/\/eduser.com.tr\/tr\/wp-json\/wp\/v2\/users\/2"}],"replies":[{"embeddable":true,"href":"https:\/\/eduser.com.tr\/tr\/wp-json\/wp\/v2\/comments?post=10208"}],"version-history":[{"count":3,"href":"https:\/\/eduser.com.tr\/tr\/wp-json\/wp\/v2\/pages\/10208\/revisions"}],"predecessor-version":[{"id":10213,"href":"https:\/\/eduser.com.tr\/tr\/wp-json\/wp\/v2\/pages\/10208\/revisions\/10213"}],"wp:attachment":[{"href":"https:\/\/eduser.com.tr\/tr\/wp-json\/wp\/v2\/media?parent=10208"}],"wp:term":[{"taxonomy":"category","embeddable":true,"href":"https:\/\/eduser.com.tr\/tr\/wp-json\/wp\/v2\/categories?post=10208"},{"taxonomy":"post_tag","embeddable":true,"href":"https:\/\/eduser.com.tr\/tr\/wp-json\/wp\/v2\/tags?post=10208"}],"curies":[{"name":"wp","href":"https:\/\/api.w.org\/{rel}","templated":true}]}}