{"id":8145,"date":"2020-09-12T02:40:46","date_gmt":"2020-09-12T02:40:46","guid":{"rendered":"http:\/\/eduser.com.tr\/tr\/?page_id=8145"},"modified":"2020-09-30T22:52:29","modified_gmt":"2020-09-30T19:52:29","slug":"haberler","status":"publish","type":"page","link":"https:\/\/eduser.com.tr\/tr\/haberler\/","title":{"rendered":"Haberler"},"content":{"rendered":"\t\t<div data-elementor-type=\"wp-page\" data-elementor-id=\"8145\" class=\"elementor elementor-8145\" data-elementor-settings=\"[]\">\n\t\t\t\t\t\t<div class=\"elementor-inner\">\n\t\t\t\t\t\t\t<div class=\"elementor-section-wrap\">\n\t\t\t\t\t\t\t<section data-particle_enable=\"false\" data-particle-mobile-disabled=\"false\" class=\"elementor-section elementor-top-section elementor-element elementor-element-6530d7d3 elementor-section-height-min-height elementor-section-stretched elementor-section-boxed elementor-section-height-default elementor-section-items-middle\" data-id=\"6530d7d3\" data-element_type=\"section\" data-settings=\"{&quot;stretch_section&quot;:&quot;section-stretched&quot;,&quot;background_background&quot;:&quot;classic&quot;,&quot;background_motion_fx_motion_fx_scrolling&quot;:&quot;yes&quot;,&quot;background_motion_fx_blur_effect&quot;:&quot;yes&quot;,&quot;background_motion_fx_blur_direction&quot;:&quot;in-out&quot;,&quot;background_motion_fx_blur_level&quot;:{&quot;unit&quot;:&quot;px&quot;,&quot;size&quot;:4,&quot;sizes&quot;:[]},&quot;background_motion_fx_blur_range&quot;:{&quot;unit&quot;:&quot;%&quot;,&quot;size&quot;:&quot;&quot;,&quot;sizes&quot;:{&quot;start&quot;:60,&quot;end&quot;:100}},&quot;background_motion_fx_scale_effect&quot;:&quot;yes&quot;,&quot;background_motion_fx_scale_range&quot;:{&quot;unit&quot;:&quot;%&quot;,&quot;size&quot;:&quot;&quot;,&quot;sizes&quot;:{&quot;start&quot;:60,&quot;end&quot;:100}},&quot;shape_divider_bottom&quot;:&quot;waves&quot;,&quot;background_motion_fx_scale_direction&quot;:&quot;out-in&quot;,&quot;background_motion_fx_scale_speed&quot;:{&quot;unit&quot;:&quot;px&quot;,&quot;size&quot;:4,&quot;sizes&quot;:[]},&quot;background_motion_fx_devices&quot;:[&quot;desktop&quot;,&quot;tablet&quot;,&quot;mobile&quot;]}\">\n\t\t\t\t\t<div class=\"elementor-shape elementor-shape-bottom\" data-negative=\"false\">\n\t\t\t<svg xmlns=\"http:\/\/www.w3.org\/2000\/svg\" viewBox=\"0 0 1000 100\" preserveAspectRatio=\"none\">\n\t<path class=\"elementor-shape-fill\" d=\"M421.9,6.5c22.6-2.5,51.5,0.4,75.5,5.3c23.6,4.9,70.9,23.5,100.5,35.7c75.8,32.2,133.7,44.5,192.6,49.7\n\tc23.6,2.1,48.7,3.5,103.4-2.5c54.7-6,106.2-25.6,106.2-25.6V0H0v30.3c0,0,72,32.6,158.4,30.5c39.2-0.7,92.8-6.7,134-22.4\n\tc21.2-8.1,52.2-18.2,79.7-24.2C399.3,7.9,411.6,7.5,421.9,6.5z\"\/>\n<\/svg>\t\t<\/div>\n\t\t\t\t\t<div class=\"elementor-container elementor-column-gap-default\">\n\t\t\t\t\t\t\t<div class=\"elementor-row\">\n\t\t\t\t\t<div class=\"elementor-column elementor-col-100 elementor-top-column elementor-element elementor-element-4d24f3ed\" data-id=\"4d24f3ed\" data-element_type=\"column\" data-settings=\"{&quot;avante_ext_is_scrollme&quot;:&quot;false&quot;,&quot;avante_ext_is_smoove&quot;:&quot;false&quot;,&quot;avante_ext_is_parallax_mouse&quot;:&quot;false&quot;,&quot;avante_ext_is_infinite&quot;:&quot;false&quot;}\">\n\t\t\t<div class=\"elementor-column-wrap elementor-element-populated\">\n\t\t\t\t\t\t\t<div class=\"elementor-widget-wrap\">\n\t\t\t\t\t\t<div class=\"elementor-element elementor-element-1130bf46 elementor-widget elementor-widget-heading\" data-id=\"1130bf46\" data-element_type=\"widget\" data-settings=\"{&quot;avante_ext_is_scrollme&quot;:&quot;false&quot;,&quot;avante_ext_is_smoove&quot;:&quot;false&quot;,&quot;avante_ext_is_parallax_mouse&quot;:&quot;false&quot;,&quot;avante_ext_is_infinite&quot;:&quot;false&quot;}\" data-widget_type=\"heading.default\">\n\t\t\t\t<div class=\"elementor-widget-container\">\n\t\t\t<h1 class=\"elementor-heading-title elementor-size-default\">Bizden Haberler<\/h1>\t\t<\/div>\n\t\t\t\t<\/div>\n\t\t\t\t\t\t<\/div>\n\t\t\t\t\t<\/div>\n\t\t<\/div>\n\t\t\t\t\t\t\t\t<\/div>\n\t\t\t\t\t<\/div>\n\t\t<\/section>\n\t\t\t\t<section data-particle_enable=\"false\" data-particle-mobile-disabled=\"false\" class=\"elementor-section elementor-top-section elementor-element elementor-element-ed3c002 elementor-section-boxed elementor-section-height-default elementor-section-height-default\" data-id=\"ed3c002\" data-element_type=\"section\">\n\t\t\t\t\t\t<div class=\"elementor-container elementor-column-gap-default\">\n\t\t\t\t\t\t\t<div class=\"elementor-row\">\n\t\t\t\t\t<div class=\"elementor-column elementor-col-100 elementor-top-column elementor-element elementor-element-a74c365\" data-id=\"a74c365\" data-element_type=\"column\" data-settings=\"{&quot;avante_ext_is_scrollme&quot;:&quot;false&quot;,&quot;avante_ext_is_smoove&quot;:&quot;false&quot;,&quot;avante_ext_is_parallax_mouse&quot;:&quot;false&quot;,&quot;avante_ext_is_infinite&quot;:&quot;false&quot;}\">\n\t\t\t<div class=\"elementor-column-wrap elementor-element-populated\">\n\t\t\t\t\t\t\t<div class=\"elementor-widget-wrap\">\n\t\t\t\t\t\t<div class=\"elementor-element elementor-element-a39939d elementor-grid-3 elementor-grid-tablet-2 elementor-grid-mobile-1 elementor-posts--thumbnail-top elementor-card-shadow-yes elementor-posts__hover-gradient elementor-widget elementor-widget-posts\" data-id=\"a39939d\" data-element_type=\"widget\" data-settings=\"{&quot;cards_columns&quot;:&quot;3&quot;,&quot;cards_columns_tablet&quot;:&quot;2&quot;,&quot;cards_columns_mobile&quot;:&quot;1&quot;,&quot;cards_row_gap&quot;:{&quot;unit&quot;:&quot;px&quot;,&quot;size&quot;:35,&quot;sizes&quot;:[]},&quot;avante_ext_is_scrollme&quot;:&quot;false&quot;,&quot;avante_ext_is_smoove&quot;:&quot;false&quot;,&quot;avante_ext_is_parallax_mouse&quot;:&quot;false&quot;,&quot;avante_ext_is_infinite&quot;:&quot;false&quot;}\" data-widget_type=\"posts.cards\">\n\t\t\t\t<div class=\"elementor-widget-container\">\n\t\t\t\t\t<div class=\"elementor-posts-container elementor-posts elementor-posts--skin-cards elementor-grid\">\n\t\t\t\t<article class=\"elementor-post elementor-grid-item post-10222 post type-post status-publish format-standard hentry category-haberler\">\n\t\t\t<div class=\"elementor-post__card\">\n\t\t\t\t<div class=\"elementor-post__text\">\n\t\t\t\t<h3 class=\"elementor-post__title\">\n\t\t\t<a href=\"https:\/\/eduser.com.tr\/tr\/ihale-duyurusu\/\" >\n\t\t\t\t\u0130hale Duyurusu\t\t\t<\/a>\n\t\t<\/h3>\n\t\t\t\t\t<a class=\"elementor-post__read-more\" href=\"https:\/\/eduser.com.tr\/tr\/ihale-duyurusu\/\" >\n\t\t\t\tDevam\u0131n\u0131 Oku \u00bb\t\t\t<\/a>\n\t\t\t\t<\/div>\n\t\t\t\t<div class=\"elementor-post__meta-data\">\n\t\t\t\t\t<span class=\"elementor-post-date\">\n\t\t\t08\/04\/2026\t\t<\/span>\n\t\t\t\t<\/div>\n\t\t\t\t\t<\/div>\n\t\t<\/article>\n\t\t\t\t<article class=\"elementor-post elementor-grid-item post-10178 post type-post status-publish format-standard hentry category-haberler\">\n\t\t\t<div class=\"elementor-post__card\">\n\t\t\t\t<div class=\"elementor-post__text\">\n\t\t\t\t<h3 class=\"elementor-post__title\">\n\t\t\t<a href=\"https:\/\/eduser.com.tr\/tr\/milli-egitim-bakanligi-hayat-boyu-ogrenme-ile-imep-2-arasinda-istihdama-yonelik-meslek-egitim-kurslarinda-is-birliginin-artirilmasi-toplantisi-gerceklestirildi\/\" >\n\t\t\t\tMilli E\u011fitim Bakanl\u0131\u011f\u0131 Hayat Boyu \u00d6\u011frenme ile \u0130MEP-2 aras\u0131nda \u0130stihdama Y\u00f6nelik Meslek E\u011fitim Kurslar\u0131nda \u0130\u015f Birli\u011finin Art\u0131r\u0131lmas\u0131 Toplant\u0131s\u0131 Ger\u00e7ekle\u015ftirildi\t\t\t<\/a>\n\t\t<\/h3>\n\t\t\t\t\t<a class=\"elementor-post__read-more\" href=\"https:\/\/eduser.com.tr\/tr\/milli-egitim-bakanligi-hayat-boyu-ogrenme-ile-imep-2-arasinda-istihdama-yonelik-meslek-egitim-kurslarinda-is-birliginin-artirilmasi-toplantisi-gerceklestirildi\/\" >\n\t\t\t\tDevam\u0131n\u0131 Oku \u00bb\t\t\t<\/a>\n\t\t\t\t<\/div>\n\t\t\t\t<div class=\"elementor-post__meta-data\">\n\t\t\t\t\t<span class=\"elementor-post-date\">\n\t\t\t20\/10\/2025\t\t<\/span>\n\t\t\t\t<\/div>\n\t\t\t\t\t<\/div>\n\t\t<\/article>\n\t\t\t\t<article class=\"elementor-post elementor-grid-item post-10146 post type-post status-publish format-standard hentry category-haberler\">\n\t\t\t<div class=\"elementor-post__card\">\n\t\t\t\t<div class=\"elementor-post__text\">\n\t\t\t\t<h3 class=\"elementor-post__title\">\n\t\t\t<a href=\"https:\/\/eduser.com.tr\/tr\/re-you-projesinin-kapanis-etkinligi-balikesirde-yapildi\/\" >\n\t\t\t\tRE-You Projesi\u2019nin Kapan\u0131\u015f Etkinli\u011fi Bal\u0131kesir\u2019de Yap\u0131ld\u0131\t\t\t<\/a>\n\t\t<\/h3>\n\t\t\t\t\t<a class=\"elementor-post__read-more\" href=\"https:\/\/eduser.com.tr\/tr\/re-you-projesinin-kapanis-etkinligi-balikesirde-yapildi\/\" >\n\t\t\t\tDevam\u0131n\u0131 Oku \u00bb\t\t\t<\/a>\n\t\t\t\t<\/div>\n\t\t\t\t<div class=\"elementor-post__meta-data\">\n\t\t\t\t\t<span class=\"elementor-post-date\">\n\t\t\t04\/10\/2024\t\t<\/span>\n\t\t\t\t<\/div>\n\t\t\t\t\t<\/div>\n\t\t<\/article>\n\t\t\t\t<article class=\"elementor-post elementor-grid-item post-10139 post type-post status-publish format-standard hentry category-haberler\">\n\t\t\t<div class=\"elementor-post__card\">\n\t\t\t\t<div class=\"elementor-post__text\">\n\t\t\t\t<h3 class=\"elementor-post__title\">\n\t\t\t<a href=\"https:\/\/eduser.com.tr\/tr\/eduser-moderatorlugunde-21-meslegin-standart-hazirlama-calistaylari-gerceklestirildi\/\" >\n\t\t\t\tEDUSER moderat\u00f6rl\u00fc\u011f\u00fcnde 21  mesle\u011fin standart haz\u0131rlama \u00e7al\u0131\u015ftaylar\u0131 ger\u00e7ekle\u015ftirildi\t\t\t<\/a>\n\t\t<\/h3>\n\t\t\t\t\t<a class=\"elementor-post__read-more\" href=\"https:\/\/eduser.com.tr\/tr\/eduser-moderatorlugunde-21-meslegin-standart-hazirlama-calistaylari-gerceklestirildi\/\" >\n\t\t\t\tDevam\u0131n\u0131 Oku \u00bb\t\t\t<\/a>\n\t\t\t\t<\/div>\n\t\t\t\t<div class=\"elementor-post__meta-data\">\n\t\t\t\t\t<span class=\"elementor-post-date\">\n\t\t\t04\/07\/2024\t\t<\/span>\n\t\t\t\t<\/div>\n\t\t\t\t\t<\/div>\n\t\t<\/article>\n\t\t\t\t<article class=\"elementor-post elementor-grid-item post-10135 post type-post status-publish format-standard hentry category-haberler\">\n\t\t\t<div class=\"elementor-post__card\">\n\t\t\t\t<div class=\"elementor-post__text\">\n\t\t\t\t<h3 class=\"elementor-post__title\">\n\t\t\t<a href=\"https:\/\/eduser.com.tr\/tr\/yenilenebilir-genclik-enerjisi-re-you-projesi-kapsaminda-balikesir-universitesi-surekli-egitim-uygulama-ve-arastirma-merkezi-baunsem-myk-tarafindan-yetkilendirildi\/\" >\n\t\t\t\tYenilenebilir Gen\u00e7lik Enerjisi \/RE-You Projesi kapsam\u0131nda, Bal\u0131kesir \u00dcniversitesi S\u00fcrekli E\u011fitim Uygulama ve Ara\u015ft\u0131rma Merkezi (BAUNSEM)  MYK taraf\u0131ndan yetkilendirildi\t\t\t<\/a>\n\t\t<\/h3>\n\t\t\t\t\t<a class=\"elementor-post__read-more\" href=\"https:\/\/eduser.com.tr\/tr\/yenilenebilir-genclik-enerjisi-re-you-projesi-kapsaminda-balikesir-universitesi-surekli-egitim-uygulama-ve-arastirma-merkezi-baunsem-myk-tarafindan-yetkilendirildi\/\" >\n\t\t\t\tDevam\u0131n\u0131 Oku \u00bb\t\t\t<\/a>\n\t\t\t\t<\/div>\n\t\t\t\t<div class=\"elementor-post__meta-data\">\n\t\t\t\t\t<span class=\"elementor-post-date\">\n\t\t\t04\/07\/2024\t\t<\/span>\n\t\t\t\t<\/div>\n\t\t\t\t\t<\/div>\n\t\t<\/article>\n\t\t\t\t<article class=\"elementor-post elementor-grid-item post-10127 post type-post status-publish format-standard hentry category-haberler\">\n\t\t\t<div class=\"elementor-post__card\">\n\t\t\t\t<div class=\"elementor-post__text\">\n\t\t\t\t<h3 class=\"elementor-post__title\">\n\t\t\t<a href=\"https:\/\/eduser.com.tr\/tr\/yenilenebilir-genclik-enerjisi-re-you-projesi-kapsaminda-canakkale-onsekiz-mart-universitesi-surekli-egitim-merkezi-comusem-yetkilendirilmis-belgelendirme-birimi-myk-tarafindan-yetkilendirildi\/\" >\n\t\t\t\tYenilenebilir Gen\u00e7lik Enerjisi \/RE-You  Projesi kapsam\u0131nda, \u00c7anakkale Onsekiz Mart \u00dcniversitesi S\u00fcrekli E\u011fitim Merkezi (COMUSEM) Yetkilendirilmi\u015f Belgelendirme Birimi   MYK taraf\u0131ndan yetkilendirildi\t\t\t<\/a>\n\t\t<\/h3>\n\t\t\t\t\t<a class=\"elementor-post__read-more\" href=\"https:\/\/eduser.com.tr\/tr\/yenilenebilir-genclik-enerjisi-re-you-projesi-kapsaminda-canakkale-onsekiz-mart-universitesi-surekli-egitim-merkezi-comusem-yetkilendirilmis-belgelendirme-birimi-myk-tarafindan-yetkilendirildi\/\" >\n\t\t\t\tDevam\u0131n\u0131 Oku \u00bb\t\t\t<\/a>\n\t\t\t\t<\/div>\n\t\t\t\t<div class=\"elementor-post__meta-data\">\n\t\t\t\t\t<span class=\"elementor-post-date\">\n\t\t\t04\/07\/2024\t\t<\/span>\n\t\t\t\t<\/div>\n\t\t\t\t\t<\/div>\n\t\t<\/article>\n\t\t\t\t<article class=\"elementor-post elementor-grid-item post-10029 post type-post status-publish format-standard hentry category-haberler\">\n\t\t\t<div class=\"elementor-post__card\">\n\t\t\t\t<div class=\"elementor-post__text\">\n\t\t\t\t<h3 class=\"elementor-post__title\">\n\t\t\t<a href=\"https:\/\/eduser.com.tr\/tr\/mentor-ulusal-standardi-resmi-gazetede-yayimlanarak-yururluge-girdi\/\" >\n\t\t\t\t\u2018Mentor Ulusal Standard\u0131\u2019 Resmi Gazete\u2019de yay\u0131mlanarak y\u00fcr\u00fcrl\u00fc\u011fe girdi.\t\t\t<\/a>\n\t\t<\/h3>\n\t\t\t\t\t<a class=\"elementor-post__read-more\" href=\"https:\/\/eduser.com.tr\/tr\/mentor-ulusal-standardi-resmi-gazetede-yayimlanarak-yururluge-girdi\/\" >\n\t\t\t\tDevam\u0131n\u0131 Oku \u00bb\t\t\t<\/a>\n\t\t\t\t<\/div>\n\t\t\t\t<div class=\"elementor-post__meta-data\">\n\t\t\t\t\t<span class=\"elementor-post-date\">\n\t\t\t15\/05\/2023\t\t<\/span>\n\t\t\t\t<\/div>\n\t\t\t\t\t<\/div>\n\t\t<\/article>\n\t\t\t\t<article class=\"elementor-post elementor-grid-item post-10001 post type-post status-publish format-standard hentry category-haberler\">\n\t\t\t<div class=\"elementor-post__card\">\n\t\t\t\t<div class=\"elementor-post__text\">\n\t\t\t\t<h3 class=\"elementor-post__title\">\n\t\t\t<a href=\"https:\/\/eduser.com.tr\/tr\/edusem-egitim-faaliyetleri-hizla-devam-ediyor\/\" >\n\t\t\t\tEDUSEM E\u011fitim Faaliyetleri h\u0131zla devam ediyor ..\t\t\t<\/a>\n\t\t<\/h3>\n\t\t\t\t\t<a class=\"elementor-post__read-more\" href=\"https:\/\/eduser.com.tr\/tr\/edusem-egitim-faaliyetleri-hizla-devam-ediyor\/\" >\n\t\t\t\tDevam\u0131n\u0131 Oku \u00bb\t\t\t<\/a>\n\t\t\t\t<\/div>\n\t\t\t\t<div class=\"elementor-post__meta-data\">\n\t\t\t\t\t<span class=\"elementor-post-date\">\n\t\t\t25\/07\/2022\t\t<\/span>\n\t\t\t\t<\/div>\n\t\t\t\t\t<\/div>\n\t\t<\/article>\n\t\t\t\t<article class=\"elementor-post elementor-grid-item post-9993 post type-post status-publish format-standard hentry category-haberler\">\n\t\t\t<div class=\"elementor-post__card\">\n\t\t\t\t<div class=\"elementor-post__text\">\n\t\t\t\t<h3 class=\"elementor-post__title\">\n\t\t\t<a href=\"https:\/\/eduser.com.tr\/tr\/kalite-yonetim-sistemleri-ve-ic-tetkik-egitimi-online-olarak-gerceklestirildi-2\/\" >\n\t\t\t\tKalite Y\u00f6netim Sistemleri ve \u0130\u00e7 Tetkik E\u011fitimi online olarak ger\u00e7ekle\u015ftirildi\t\t\t<\/a>\n\t\t<\/h3>\n\t\t\t\t\t<a class=\"elementor-post__read-more\" href=\"https:\/\/eduser.com.tr\/tr\/kalite-yonetim-sistemleri-ve-ic-tetkik-egitimi-online-olarak-gerceklestirildi-2\/\" >\n\t\t\t\tDevam\u0131n\u0131 Oku \u00bb\t\t\t<\/a>\n\t\t\t\t<\/div>\n\t\t\t\t<div class=\"elementor-post__meta-data\">\n\t\t\t\t\t<span class=\"elementor-post-date\">\n\t\t\t28\/06\/2022\t\t<\/span>\n\t\t\t\t<\/div>\n\t\t\t\t\t<\/div>\n\t\t<\/article>\n\t\t\t\t<article class=\"elementor-post elementor-grid-item post-9985 post type-post status-publish format-standard hentry category-haberler\">\n\t\t\t<div class=\"elementor-post__card\">\n\t\t\t\t<div class=\"elementor-post__text\">\n\t\t\t\t<h3 class=\"elementor-post__title\">\n\t\t\t<a href=\"https:\/\/eduser.com.tr\/tr\/re-you-technical-assistance-for-renewable-youth-energy-projesi-kapsaminda-eduser-moderatorlugunde-revize-edilen-ulusal-meslek-standartlari-ve-ulusal-yeterlilikler-myk-yonetim-kurulu\/\" >\n\t\t\t\tRE-YOU \u201cTechnical Assistance for Renewable Youth Energy\u201d projesi kapsam\u0131nda EDUSER moderat\u00f6rl\u00fc\u011f\u00fcnde revize edilen Ulusal Meslek Standartlar\u0131 ve Ulusal Yeterlilikler MYK Y\u00f6netim Kurulu\u2019nun onay\u0131na sunuldu\t\t\t<\/a>\n\t\t<\/h3>\n\t\t\t\t\t<a class=\"elementor-post__read-more\" href=\"https:\/\/eduser.com.tr\/tr\/re-you-technical-assistance-for-renewable-youth-energy-projesi-kapsaminda-eduser-moderatorlugunde-revize-edilen-ulusal-meslek-standartlari-ve-ulusal-yeterlilikler-myk-yonetim-kurulu\/\" >\n\t\t\t\tDevam\u0131n\u0131 Oku \u00bb\t\t\t<\/a>\n\t\t\t\t<\/div>\n\t\t\t\t<div class=\"elementor-post__meta-data\">\n\t\t\t\t\t<span class=\"elementor-post-date\">\n\t\t\t28\/06\/2022\t\t<\/span>\n\t\t\t\t<\/div>\n\t\t\t\t\t<\/div>\n\t\t<\/article>\n\t\t\t\t<\/div>\n\t\t\t\t<\/div>\n\t\t\t\t<\/div>\n\t\t\t\t\t\t<\/div>\n\t\t\t\t\t<\/div>\n\t\t<\/div>\n\t\t\t\t\t\t\t\t<\/div>\n\t\t\t\t\t<\/div>\n\t\t<\/section>\n\t\t\t\t\t\t<\/div>\n\t\t\t\t\t\t<\/div>\n\t\t\t\t\t<\/div>\n\t\t","protected":false},"excerpt":{"rendered":"<p>Bizden Haberler<\/p>\n","protected":false},"author":1,"featured_media":0,"parent":0,"menu_order":0,"comment_status":"closed","ping_status":"closed","template":"","meta":[],"categories":[],"tags":[],"yoast_head":"<!-- This site is optimized with the Yoast SEO plugin v14.9 - https:\/\/yoast.com\/wordpress\/plugins\/seo\/ -->\n<title>Haberler | EDUSER<\/title>\n<meta name=\"description\" content=\"EDUSER ve projelerimizle ilgili g\u00fcncel haber ve duyurulara g\u00f6z at\u0131n.\" \/>\n<meta name=\"robots\" content=\"index, follow, max-snippet:-1, max-image-preview:large, max-video-preview:-1\" \/>\n<link rel=\"canonical\" href=\"https:\/\/eduser.com.tr\/tr\/haberler\/\" \/>\n<meta property=\"og:locale\" content=\"tr_TR\" \/>\n<meta property=\"og:type\" content=\"article\" \/>\n<meta property=\"og:title\" content=\"Haberler | EDUSER\" \/>\n<meta property=\"og:description\" content=\"EDUSER ve projelerimizle ilgili g\u00fcncel haber ve duyurulara g\u00f6z at\u0131n.\" \/>\n<meta property=\"og:url\" content=\"https:\/\/eduser.com.tr\/tr\/haberler\/\" \/>\n<meta property=\"og:site_name\" content=\"EDUSER\" \/>\n<meta property=\"article:publisher\" content=\"https:\/\/www.facebook.com\/eduserco\/\" \/>\n<meta property=\"article:modified_time\" content=\"2020-09-30T19:52:29+00:00\" \/>\n<meta name=\"twitter:card\" content=\"summary_large_image\" \/>\n<meta name=\"twitter:creator\" content=\"@eduserco\" \/>\n<meta name=\"twitter:site\" content=\"@eduserco\" \/>\n<script type=\"application\/ld+json\" class=\"yoast-schema-graph\">{\"@context\":\"https:\/\/schema.org\",\"@graph\":[{\"@type\":\"Organization\",\"@id\":\"https:\/\/eduser.com.tr\/tr\/#organization\",\"name\":\"EDUSER Educational Consultancy Services Co.\",\"url\":\"https:\/\/eduser.com.tr\/tr\/\",\"sameAs\":[\"https:\/\/www.facebook.com\/eduserco\/\",\"https:\/\/www.linkedin.com\/company\/eduserco\/\",\"https:\/\/twitter.com\/eduserco\"],\"logo\":{\"@type\":\"ImageObject\",\"@id\":\"https:\/\/eduser.com.tr\/tr\/#logo\",\"inLanguage\":\"tr\",\"url\":\"https:\/\/eduser.com.tr\/tr\/wp-content\/uploads\/sites\/6\/2019\/10\/eduser-site-logo-color.svg\",\"caption\":\"EDUSER Educational Consultancy Services Co.\"},\"image\":{\"@id\":\"https:\/\/eduser.com.tr\/tr\/#logo\"}},{\"@type\":\"WebSite\",\"@id\":\"https:\/\/eduser.com.tr\/tr\/#website\",\"url\":\"https:\/\/eduser.com.tr\/tr\/\",\"name\":\"EDUSER\",\"description\":\"E\\u011fitim Dan\\u0131\\u015fmanl\\u0131k ve Uzmanl\\u0131k Hizmetleri\",\"publisher\":{\"@id\":\"https:\/\/eduser.com.tr\/tr\/#organization\"},\"potentialAction\":[{\"@type\":\"SearchAction\",\"target\":\"https:\/\/eduser.com.tr\/tr\/?s={search_term_string}\",\"query-input\":\"required name=search_term_string\"}],\"inLanguage\":\"tr\"},{\"@type\":\"WebPage\",\"@id\":\"https:\/\/eduser.com.tr\/tr\/haberler\/#webpage\",\"url\":\"https:\/\/eduser.com.tr\/tr\/haberler\/\",\"name\":\"Haberler | EDUSER\",\"isPartOf\":{\"@id\":\"https:\/\/eduser.com.tr\/tr\/#website\"},\"datePublished\":\"2020-09-12T02:40:46+00:00\",\"dateModified\":\"2020-09-30T19:52:29+00:00\",\"description\":\"EDUSER ve projelerimizle ilgili g\\u00fcncel haber ve duyurulara g\\u00f6z at\\u0131n.\",\"inLanguage\":\"tr\",\"potentialAction\":[{\"@type\":\"ReadAction\",\"target\":[\"https:\/\/eduser.com.tr\/tr\/haberler\/\"]}]}]}<\/script>\n<!-- \/ Yoast SEO plugin. -->","_links":{"self":[{"href":"https:\/\/eduser.com.tr\/tr\/wp-json\/wp\/v2\/pages\/8145"}],"collection":[{"href":"https:\/\/eduser.com.tr\/tr\/wp-json\/wp\/v2\/pages"}],"about":[{"href":"https:\/\/eduser.com.tr\/tr\/wp-json\/wp\/v2\/types\/page"}],"author":[{"embeddable":true,"href":"https:\/\/eduser.com.tr\/tr\/wp-json\/wp\/v2\/users\/1"}],"replies":[{"embeddable":true,"href":"https:\/\/eduser.com.tr\/tr\/wp-json\/wp\/v2\/comments?post=8145"}],"version-history":[{"count":8,"href":"https:\/\/eduser.com.tr\/tr\/wp-json\/wp\/v2\/pages\/8145\/revisions"}],"predecessor-version":[{"id":9364,"href":"https:\/\/eduser.com.tr\/tr\/wp-json\/wp\/v2\/pages\/8145\/revisions\/9364"}],"wp:attachment":[{"href":"https:\/\/eduser.com.tr\/tr\/wp-json\/wp\/v2\/media?parent=8145"}],"wp:term":[{"taxonomy":"category","embeddable":true,"href":"https:\/\/eduser.com.tr\/tr\/wp-json\/wp\/v2\/categories?post=8145"},{"taxonomy":"post_tag","embeddable":true,"href":"https:\/\/eduser.com.tr\/tr\/wp-json\/wp\/v2\/tags?post=8145"}],"curies":[{"name":"wp","href":"https:\/\/api.w.org\/{rel}","templated":true}]}}