{"id":8774,"date":"2020-09-13T08:09:07","date_gmt":"2020-09-13T08:09:07","guid":{"rendered":"http:\/\/eduser.com.tr\/tr\/?page_id=8774"},"modified":"2020-09-30T23:17:19","modified_gmt":"2020-09-30T20:17:19","slug":"ozel-istihdam-ofisi","status":"publish","type":"page","link":"https:\/\/eduser.com.tr\/tr\/ozel-istihdam-ofisi\/","title":{"rendered":"\u00d6zel \u0130stihdam Ofisi"},"content":{"rendered":"\t\t<div data-elementor-type=\"wp-page\" data-elementor-id=\"8774\" class=\"elementor elementor-8774\" data-elementor-settings=\"[]\">\n\t\t\t\t\t\t<div class=\"elementor-inner\">\n\t\t\t\t\t\t\t<div class=\"elementor-section-wrap\">\n\t\t\t\t\t\t\t<section data-particle_enable=\"false\" data-particle-mobile-disabled=\"false\" class=\"elementor-section elementor-top-section elementor-element elementor-element-1abbb06e elementor-section-height-min-height elementor-section-stretched elementor-section-boxed elementor-section-height-default elementor-section-items-middle\" data-id=\"1abbb06e\" data-element_type=\"section\" data-settings=\"{&quot;background_background&quot;:&quot;classic&quot;,&quot;stretch_section&quot;:&quot;section-stretched&quot;}\">\n\t\t\t\t\t\t\t<div class=\"elementor-background-overlay\"><\/div>\n\t\t\t\t\t\t\t<div class=\"elementor-container elementor-column-gap-default\">\n\t\t\t\t\t\t\t<div class=\"elementor-row\">\n\t\t\t\t\t<div class=\"elementor-column elementor-col-100 elementor-top-column elementor-element elementor-element-1f73d92a\" data-id=\"1f73d92a\" data-element_type=\"column\" data-settings=\"{&quot;avante_ext_is_scrollme&quot;:&quot;false&quot;,&quot;avante_ext_is_smoove&quot;:&quot;false&quot;,&quot;avante_ext_is_parallax_mouse&quot;:&quot;false&quot;,&quot;avante_ext_is_infinite&quot;:&quot;false&quot;}\">\n\t\t\t<div class=\"elementor-column-wrap elementor-element-populated\">\n\t\t\t\t\t\t\t<div class=\"elementor-widget-wrap\">\n\t\t\t\t\t\t<div class=\"elementor-element elementor-element-1ded4752 elementor-widget elementor-widget-heading\" data-id=\"1ded4752\" data-element_type=\"widget\" data-settings=\"{&quot;avante_ext_is_scrollme&quot;:&quot;false&quot;,&quot;avante_ext_is_smoove&quot;:&quot;false&quot;,&quot;avante_ext_is_parallax_mouse&quot;:&quot;false&quot;,&quot;avante_ext_is_infinite&quot;:&quot;false&quot;}\" data-widget_type=\"heading.default\">\n\t\t\t\t<div class=\"elementor-widget-container\">\n\t\t\t<h1 class=\"elementor-heading-title elementor-size-default\">Bu sayfa yap\u0131m\na\u015famas\u0131ndad\u0131r<\/h1>\t\t<\/div>\n\t\t\t\t<\/div>\n\t\t\t\t<div class=\"elementor-element elementor-element-7a94679b elementor-widget elementor-widget-text-editor\" data-id=\"7a94679b\" data-element_type=\"widget\" data-settings=\"{&quot;avante_ext_is_scrollme&quot;:&quot;false&quot;,&quot;avante_ext_is_smoove&quot;:&quot;false&quot;,&quot;avante_ext_is_parallax_mouse&quot;:&quot;false&quot;,&quot;avante_ext_is_infinite&quot;:&quot;false&quot;}\" data-widget_type=\"text-editor.default\">\n\t\t\t\t<div class=\"elementor-widget-container\">\n\t\t\t\t\t<div class=\"elementor-text-editor elementor-clearfix\"><p>Anasayfaya d\u00f6nebilirsiniz<\/p><\/div>\n\t\t\t\t<\/div>\n\t\t\t\t<\/div>\n\t\t\t\t<div class=\"elementor-element elementor-element-4ccf3af elementor-align-center elementor-widget elementor-widget-button\" data-id=\"4ccf3af\" data-element_type=\"widget\" data-settings=\"{&quot;avante_ext_is_scrollme&quot;:&quot;false&quot;,&quot;avante_ext_is_smoove&quot;:&quot;false&quot;,&quot;avante_ext_is_parallax_mouse&quot;:&quot;false&quot;,&quot;avante_ext_is_infinite&quot;:&quot;false&quot;}\" data-widget_type=\"button.default\">\n\t\t\t\t<div class=\"elementor-widget-container\">\n\t\t\t\t\t<div class=\"elementor-button-wrapper\">\n\t\t\t<a href=\"https:\/\/eduser.com.tr\/tr\" class=\"elementor-button-link elementor-button elementor-size-sm elementor-animation-float\" role=\"button\">\n\t\t\t\t\t\t<span class=\"elementor-button-content-wrapper\">\n\t\t\t\t\t\t<span class=\"elementor-button-icon elementor-align-icon-right\">\n\t\t\t\t<svg xmlns=\"http:\/\/www.w3.org\/2000\/svg\" id=\"b385ca18-4b85-46d4-bb4b-571c73a19812\" data-name=\"b922a425-e5e0-4ef1-881c-5748460fd139\" viewBox=\"0 0 30.125 18.1738\"><title>arrow-icon-size3<\/title><path d=\"M29.75,9.3948,21.5281,1.1735a.8479.8479,0,0,0-.601-.261L20.9124.9119a.8526.8526,0,0,0-.5956.2409.8642.8642,0,0,0-.0027,1.23l6.7618,6.7611H.7316a.8566.8566,0,1,0,0,1.7131H27.0759l-6.7591,6.7591a.8576.8576,0,0,0-.0214,1.2113.8462.8462,0,0,0,.61.2583.8949.8949,0,0,0,.621-.2556l8.2233-8.224A.8587.8587,0,0,0,29.75,9.3948Z\" transform=\"translate(0.125 -0.9119)\"><\/path><\/svg>\t\t\t<\/span>\n\t\t\t\t\t\t<span class=\"elementor-button-text\">Anasayfa<\/span>\n\t\t<\/span>\n\t\t\t\t\t<\/a>\n\t\t<\/div>\n\t\t\t\t<\/div>\n\t\t\t\t<\/div>\n\t\t\t\t\t\t<\/div>\n\t\t\t\t\t<\/div>\n\t\t<\/div>\n\t\t\t\t\t\t\t\t<\/div>\n\t\t\t\t\t<\/div>\n\t\t<\/section>\n\t\t\t\t\t\t<\/div>\n\t\t\t\t\t\t<\/div>\n\t\t\t\t\t<\/div>\n\t\t","protected":false},"excerpt":{"rendered":"<p>Bu sayfa yap\u0131m a\u015famas\u0131ndad\u0131r Anasayfaya d\u00f6nebilirsiniz arrow-icon-size3 Anasayfa<\/p>\n","protected":false},"author":1,"featured_media":0,"parent":0,"menu_order":0,"comment_status":"closed","ping_status":"closed","template":"","meta":[],"categories":[],"tags":[],"yoast_head":"<!-- This site is optimized with the Yoast SEO plugin v14.9 - https:\/\/yoast.com\/wordpress\/plugins\/seo\/ -->\n<title>\u00d6zel \u0130stihdam Ofisi | EDUSER<\/title>\n<meta name=\"robots\" content=\"index, follow, max-snippet:-1, max-image-preview:large, max-video-preview:-1\" \/>\n<link rel=\"canonical\" href=\"https:\/\/eduser.com.tr\/tr\/ozel-istihdam-ofisi\/\" \/>\n<meta property=\"og:locale\" content=\"tr_TR\" \/>\n<meta property=\"og:type\" content=\"article\" \/>\n<meta property=\"og:title\" content=\"\u00d6zel \u0130stihdam Ofisi | EDUSER\" \/>\n<meta property=\"og:description\" content=\"Bu sayfa yap\u0131m a\u015famas\u0131ndad\u0131r Anasayfaya d\u00f6nebilirsiniz arrow-icon-size3 Anasayfa\" \/>\n<meta property=\"og:url\" content=\"https:\/\/eduser.com.tr\/tr\/ozel-istihdam-ofisi\/\" \/>\n<meta property=\"og:site_name\" content=\"EDUSER\" \/>\n<meta property=\"article:publisher\" content=\"https:\/\/www.facebook.com\/eduserco\/\" \/>\n<meta property=\"article:modified_time\" content=\"2020-09-30T20:17:19+00:00\" \/>\n<meta name=\"twitter:card\" content=\"summary_large_image\" \/>\n<meta name=\"twitter:creator\" content=\"@eduserco\" \/>\n<meta name=\"twitter:site\" content=\"@eduserco\" \/>\n<script type=\"application\/ld+json\" class=\"yoast-schema-graph\">{\"@context\":\"https:\/\/schema.org\",\"@graph\":[{\"@type\":\"Organization\",\"@id\":\"https:\/\/eduser.com.tr\/tr\/#organization\",\"name\":\"EDUSER Educational Consultancy Services Co.\",\"url\":\"https:\/\/eduser.com.tr\/tr\/\",\"sameAs\":[\"https:\/\/www.facebook.com\/eduserco\/\",\"https:\/\/www.linkedin.com\/company\/eduserco\/\",\"https:\/\/twitter.com\/eduserco\"],\"logo\":{\"@type\":\"ImageObject\",\"@id\":\"https:\/\/eduser.com.tr\/tr\/#logo\",\"inLanguage\":\"tr\",\"url\":\"https:\/\/eduser.com.tr\/tr\/wp-content\/uploads\/sites\/6\/2019\/10\/eduser-site-logo-color.svg\",\"caption\":\"EDUSER Educational Consultancy Services Co.\"},\"image\":{\"@id\":\"https:\/\/eduser.com.tr\/tr\/#logo\"}},{\"@type\":\"WebSite\",\"@id\":\"https:\/\/eduser.com.tr\/tr\/#website\",\"url\":\"https:\/\/eduser.com.tr\/tr\/\",\"name\":\"EDUSER\",\"description\":\"E\\u011fitim Dan\\u0131\\u015fmanl\\u0131k ve Uzmanl\\u0131k Hizmetleri\",\"publisher\":{\"@id\":\"https:\/\/eduser.com.tr\/tr\/#organization\"},\"potentialAction\":[{\"@type\":\"SearchAction\",\"target\":\"https:\/\/eduser.com.tr\/tr\/?s={search_term_string}\",\"query-input\":\"required name=search_term_string\"}],\"inLanguage\":\"tr\"},{\"@type\":\"WebPage\",\"@id\":\"https:\/\/eduser.com.tr\/tr\/ozel-istihdam-ofisi\/#webpage\",\"url\":\"https:\/\/eduser.com.tr\/tr\/ozel-istihdam-ofisi\/\",\"name\":\"\\u00d6zel \\u0130stihdam Ofisi | EDUSER\",\"isPartOf\":{\"@id\":\"https:\/\/eduser.com.tr\/tr\/#website\"},\"datePublished\":\"2020-09-13T08:09:07+00:00\",\"dateModified\":\"2020-09-30T20:17:19+00:00\",\"inLanguage\":\"tr\",\"potentialAction\":[{\"@type\":\"ReadAction\",\"target\":[\"https:\/\/eduser.com.tr\/tr\/ozel-istihdam-ofisi\/\"]}]}]}<\/script>\n<!-- \/ Yoast SEO plugin. -->","_links":{"self":[{"href":"https:\/\/eduser.com.tr\/tr\/wp-json\/wp\/v2\/pages\/8774"}],"collection":[{"href":"https:\/\/eduser.com.tr\/tr\/wp-json\/wp\/v2\/pages"}],"about":[{"href":"https:\/\/eduser.com.tr\/tr\/wp-json\/wp\/v2\/types\/page"}],"author":[{"embeddable":true,"href":"https:\/\/eduser.com.tr\/tr\/wp-json\/wp\/v2\/users\/1"}],"replies":[{"embeddable":true,"href":"https:\/\/eduser.com.tr\/tr\/wp-json\/wp\/v2\/comments?post=8774"}],"version-history":[{"count":6,"href":"https:\/\/eduser.com.tr\/tr\/wp-json\/wp\/v2\/pages\/8774\/revisions"}],"predecessor-version":[{"id":9388,"href":"https:\/\/eduser.com.tr\/tr\/wp-json\/wp\/v2\/pages\/8774\/revisions\/9388"}],"wp:attachment":[{"href":"https:\/\/eduser.com.tr\/tr\/wp-json\/wp\/v2\/media?parent=8774"}],"wp:term":[{"taxonomy":"category","embeddable":true,"href":"https:\/\/eduser.com.tr\/tr\/wp-json\/wp\/v2\/categories?post=8774"},{"taxonomy":"post_tag","embeddable":true,"href":"https:\/\/eduser.com.tr\/tr\/wp-json\/wp\/v2\/tags?post=8774"}],"curies":[{"name":"wp","href":"https:\/\/api.w.org\/{rel}","templated":true}]}}